{"id":10257,"date":"2021-12-28T10:00:11","date_gmt":"2021-12-28T10:00:11","guid":{"rendered":"https:\/\/mousefreemarion.org\/mfm-projekt-lenkungsausschuss\/"},"modified":"2024-08-26T15:13:13","modified_gmt":"2024-08-26T15:13:13","slug":"mfm-projekt-lenkungsausschuss","status":"publish","type":"page","link":"https:\/\/mousefreemarion.org\/de\/mfm-projekt-lenkungsausschuss\/","title":{"rendered":"MFM-Projekt-Lenkungsausschuss"},"content":{"rendered":"<p><div class=\"fusion-fullwidth fullwidth-box fusion-builder-row-1 nonhundred-percent-fullwidth non-hundred-percent-height-scrolling\" style=\"--awb-border-radius-top-left:0px;--awb-border-radius-top-right:0px;--awb-border-radius-bottom-right:0px;--awb-border-radius-bottom-left:0px;--awb-flex-wrap:wrap;\" ><div class=\"fusion-builder-row fusion-row\"><div class=\"fusion-layout-column fusion_builder_column fusion-builder-column-0 fusion_builder_column_1_1 1_1 fusion-one-full fusion-column-first fusion-column-last\" style=\"--awb-bg-size:cover;\"><div class=\"fusion-column-wrapper fusion-column-has-shadow fusion-flex-column-wrapper-legacy\"><div class=\"fusion-sep-clear\"><\/div><div class=\"fusion-separator fusion-full-width-sep\" style=\"margin-left: auto;margin-right: auto;margin-top:80px;margin-bottom:50px;width:100%;\"><\/div><div class=\"fusion-sep-clear\"><\/div><div class=\"fusion-clearfix\"><\/div><\/div><\/div><\/div><\/div><div class=\"fusion-fullwidth fullwidth-box fusion-builder-row-2 nonhundred-percent-fullwidth non-hundred-percent-height-scrolling\" style=\"--awb-border-radius-top-left:0px;--awb-border-radius-top-right:0px;--awb-border-radius-bottom-right:0px;--awb-border-radius-bottom-left:0px;--awb-margin-top:10px;--awb-margin-bottom:10px;--awb-flex-wrap:wrap;\" ><div class=\"fusion-builder-row fusion-row\"><div class=\"fusion-layout-column fusion_builder_column fusion-builder-column-1 fusion_builder_column_3_4 3_4 fusion-three-fourth fusion-column-first\" style=\"--awb-bg-size:cover;width:75%;width:calc(75% - ( ( 4% ) * 0.75 ) );margin-right: 4%;\"><div class=\"fusion-column-wrapper fusion-column-has-shadow fusion-flex-column-wrapper-legacy\"><div class=\"fusion-text fusion-text-1\" style=\"--awb-font-size:30px;\"><p data-fontsize=\"60\" data-lineheight=\"78\"><strong><span style=\"color: #333333;\">MFM-Projekt-Lenkungsausschuss<\/span><\/strong><\/p>\n<\/div><div class=\"fusion-sep-clear\"><\/div><div class=\"fusion-separator fusion-clearfix\" style=\"float:left;margin-top:5px;margin-bottom:5px;width:100%;max-width:100px;\"><div class=\"fusion-separator-border sep-single sep-solid\" style=\"--awb-height:20px;--awb-amount:20px;--awb-sep-color:#92c4d5;border-color:#92c4d5;border-top-width:3px;\"><\/div><\/div><div class=\"fusion-sep-clear\"><\/div><div class=\"fusion-text fusion-text-2\"><p>Der MFM-Projektlenkungsausschuss (PSC) arbeitet auf strategischer Ebene und spielt eine Schl\u00fcsselrolle bei der Projekt\u00fcberwachung und -steuerung. Den Vorsitz des PSC f\u00fchren gemeinsam der Chief Executive Officer (CEO) von BirdLife S\u00fcdafrika (Herr Mark D Anderson), der stellvertretende Generaldirektor (DDG) der Abteilung Umweltprogramme (Dr. Nonhlanhla Mkhize) und der DDG der Abteilung Meere und K\u00fcsten (Dr. Lisolomzi Fikizolo), beide vom Ministerium f\u00fcr Forstwirtschaft, Fischerei und Umwelt (DFFE).  <\/p>\n<h4 class=\"fusion-responsive-typography-calculated\" style=\"--fontsize: 20; line-height: 1.5; --minfontsize: 20;\" data-fontsize=\"20\" data-lineheight=\"30px\"><strong>Mitglieder des MFM-Projektlenkungsausschusses:<\/strong><\/h4>\n<p><span style=\"color: #333333;\"><strong style=\"color: #333333;\">Dr. Nonhlanhla Mkhize<\/strong> <\/span>&#8211; Ko-Vorsitzender (<br \/>\n<i>DDG: Umwelt-Programme-DFFE<\/i>)<br \/>\n<span style=\"color: #333333;\"><strong style=\"color: #333333;\">Adv Radia Razack<\/strong> <\/span>&#8211; Ko-Vorsitzende (A<br \/>\n<i>DDG: Meere und K\u00fcsten-DFFE<\/i>)<br \/>\n<strong><a href=\"https:\/\/mousefreemarion.org\/de\/mark-anderson-vorsitzender-des-mfm-verwaltungsausschusses-stellt-sich-vor\/\">Herr Mark D Anderson<\/a><\/strong> &#8211; Ko-Vorsitzender (<br \/>\n<i>CEO: BirdLife S\u00fcdafrika und MFM NPC*<\/i>)<br \/>\n<span style=\"color: #333333;\"><strong>Herr Ashley Johnson<\/strong><\/span> (ACD: Ozeane und K\u00fcsten-   <i>DFFE<\/i>)  <span style=\"color: #333333;\"><strong>Frau Tembisa Sineke <\/strong><\/span>(<br \/>\n<i>Ozeane &amp; K\u00fcsten-DFFE<\/i>)<br \/>\n<a href=\"https:\/\/mousefreemarion.org\/de\/dr-alistair-mcinnes-programmleiter-fuer-den-schutz-von-seevoegeln-bei-birdlife-suedafrika-stellt-sich-vor\/\"><strong>Dr. Alistair McInnes<\/strong><\/a> (<br \/>\n<i>BirdLife S\u00fcdafrika<\/i>)<br \/>\n<span style=\"color: #333333;\"><strong>Herr Nceba Ngcobo<\/strong><\/span> (<br \/>\n<i>Umwelt-Programme-DFFE<\/i>)<br \/>\n<span style=\"color: #333333;\"><strong>Dr. Guy Preston<\/strong><\/span> (<br \/>\n<i>Stellvertretender MFM NPC-Vorsitzender und BLSA-Berater<\/i>)<br \/>\n<span style=\"color: #333333;\"><strong>Frau Carina Malherbe<\/strong><\/span> (<br \/>\n<i>Einhaltung von Rechtsvorschriften und Sektor\u00fcberwachung &#8211; DFFE<\/i>)      <\/p>\n<h4 class=\"fusion-responsive-typography-calculated\" style=\"--fontsize: 20; line-height: 1.5; --minfontsize: 20;\" data-fontsize=\"20\" data-lineheight=\"30px\"><strong><em>Ex-offizielle<\/em> Mitglieder:<\/strong><\/h4>\n<p><a href=\"https:\/\/mousefreemarion.org\/de\/dr-anton-wolfaardt-projektleiter-des-projekts-mausfreies-marion-stellt-sich-vor\/\"><strong>Dr. Anton Wolfaardt<\/strong><\/a><strong> (<\/strong><i>MFM-Projektleiter<\/i>)  <a href=\"https:\/\/mousefreemarion.org\/de\/keith-springer-ein-urgestein-der-macquarie-insel-wird-betriebsleiter-von-mouse-free-marion\/\"><strong>Herr Keith Springer <\/strong><\/a><strong> (<\/strong><i>MFM-Betriebsleiter<\/i>)  <a href=\"https:\/\/mousefreemarion.org\/de\/sue-tonin-die-stellvertretende-projektleiterin-von-mouse-free-marion-verstaerkt-diesen-monat-das-team\/\"><strong>Dr. Sue Tonin <\/strong><\/a><strong> (<\/strong><i>MFM Assistant Project Manager<\/i>) *MFM NPC &#8211; Mouse Free Marion Non-Profit Unternehmen<\/p>\n<\/div><div class=\"fusion-sep-clear\"><\/div><div class=\"fusion-separator fusion-clearfix\" style=\"float:left;margin-top:5px;margin-bottom:5px;width:100%;max-width:100px;\"><div class=\"fusion-separator-border sep-single sep-solid\" style=\"--awb-height:20px;--awb-amount:20px;--awb-sep-color:#92c4d5;border-color:#92c4d5;border-top-width:3px;\"><\/div><\/div><div class=\"fusion-sep-clear\"><\/div><div class=\"fusion-clearfix\"><\/div><\/div><\/div><div class=\"fusion-layout-column fusion_builder_column fusion-builder-column-2 fusion_builder_column_1_4 1_4 fusion-one-fourth fusion-column-last\" style=\"--awb-bg-size:cover;width:25%;width:calc(25% - ( ( 4% ) * 0.25 ) );\"><div class=\"fusion-column-wrapper fusion-column-has-shadow fusion-flex-column-wrapper-legacy\"><script src=\"https:\/\/apps.elfsight.com\/p\/platform.js\" defer><\/script>\n<div class=\"elfsight-app-be4791f9-e77d-407e-b5a1-4742e7726949\"><\/div><div class=\"fusion-clearfix\"><\/div><\/div><\/div><\/div><\/div><div class=\"fusion-fullwidth fullwidth-box fusion-builder-row-3 nonhundred-percent-fullwidth non-hundred-percent-height-scrolling\" style=\"--awb-border-radius-top-left:0px;--awb-border-radius-top-right:0px;--awb-border-radius-bottom-right:0px;--awb-border-radius-bottom-left:0px;--awb-flex-wrap:wrap;\" ><div class=\"fusion-builder-row fusion-row\"><div class=\"fusion-layout-column fusion_builder_column fusion-builder-column-3 fusion_builder_column_2_3 2_3 fusion-two-third fusion-column-first\" style=\"--awb-bg-size:cover;width:66.666666666667%;width:calc(66.666666666667% - ( ( 4% + 4% ) * 0.66666666666667 ) );margin-right: 4%;\"><div class=\"fusion-column-wrapper fusion-column-has-shadow fusion-flex-column-wrapper-legacy\"><div class=\"fusion-image-element in-legacy-container\" style=\"--awb-caption-title-font-family:var(--h2_typography-font-family);--awb-caption-title-font-weight:var(--h2_typography-font-weight);--awb-caption-title-font-style:var(--h2_typography-font-style);--awb-caption-title-size:var(--h2_typography-font-size);--awb-caption-title-transform:var(--h2_typography-text-transform);--awb-caption-title-line-height:var(--h2_typography-line-height);--awb-caption-title-letter-spacing:var(--h2_typography-letter-spacing);\"><span class=\" fusion-imageframe imageframe-none imageframe-1 hover-type-none\"><img decoding=\"async\" width=\"800\" height=\"183\" title=\"Logos-BL-DFFE\" src=\"https:\/\/mousefreemarion.org\/wp-content\/uploads\/2021\/03\/Logos-BL-DFFE.jpg\" alt class=\"img-responsive wp-image-8961\" srcset=\"https:\/\/mousefreemarion.org\/wp-content\/uploads\/2021\/03\/Logos-BL-DFFE-200x46.jpg 200w, https:\/\/mousefreemarion.org\/wp-content\/uploads\/2021\/03\/Logos-BL-DFFE-400x92.jpg 400w, https:\/\/mousefreemarion.org\/wp-content\/uploads\/2021\/03\/Logos-BL-DFFE-600x137.jpg 600w, https:\/\/mousefreemarion.org\/wp-content\/uploads\/2021\/03\/Logos-BL-DFFE.jpg 800w\" sizes=\"(max-width: 800px) 100vw, 800px\" \/><\/span><\/div><div class=\"fusion-clearfix\"><\/div><\/div><\/div><div class=\"fusion-layout-column fusion_builder_column fusion-builder-column-4 fusion_builder_column_1_6 1_6 fusion-one-sixth\" style=\"--awb-bg-size:cover;width:16.666666666667%;width:calc(16.666666666667% - ( ( 4% + 4% ) * 0.16666666666667 ) );margin-right: 4%;\"><div class=\"fusion-column-wrapper fusion-column-has-shadow fusion-flex-column-wrapper-legacy\"><div class=\"fusion-clearfix\"><\/div><\/div><\/div><div class=\"fusion-layout-column fusion_builder_column fusion-builder-column-5 fusion_builder_column_1_6 1_6 fusion-one-sixth fusion-column-last\" style=\"--awb-bg-size:cover;width:16.666666666667%;width:calc(16.666666666667% - ( ( 4% + 4% ) * 0.16666666666667 ) );\"><div class=\"fusion-column-wrapper fusion-column-has-shadow fusion-flex-column-wrapper-legacy\"><div class=\"fusion-clearfix\"><\/div><\/div><\/div><\/div><\/div><\/p>\n","protected":false},"excerpt":{"rendered":"","protected":false},"author":1,"featured_media":0,"parent":0,"menu_order":0,"comment_status":"closed","ping_status":"closed","template":"100-width.php","meta":{"footnotes":""},"class_list":["post-10257","page","type-page","status-publish","hentry"],"yoast_head":"<!-- This site is optimized with the Yoast SEO plugin v27.2 - https:\/\/yoast.com\/product\/yoast-seo-wordpress\/ -->\n<title>MFM-Projekt-Lenkungsausschuss - Mouse-Free Marion<\/title>\n<meta name=\"robots\" content=\"index, follow, max-snippet:-1, max-image-preview:large, max-video-preview:-1\" \/>\n<link rel=\"canonical\" href=\"https:\/\/mousefreemarion.org\/de\/mfm-projekt-lenkungsausschuss\/\" \/>\n<meta property=\"og:locale\" content=\"de_DE\" \/>\n<meta property=\"og:type\" content=\"article\" \/>\n<meta property=\"og:title\" content=\"MFM-Projekt-Lenkungsausschuss - Mouse-Free Marion\" \/>\n<meta property=\"og:url\" content=\"https:\/\/mousefreemarion.org\/de\/mfm-projekt-lenkungsausschuss\/\" \/>\n<meta property=\"og:site_name\" content=\"Mouse-Free Marion\" \/>\n<meta property=\"article:modified_time\" content=\"2024-08-26T15:13:13+00:00\" \/>\n<meta name=\"twitter:card\" content=\"summary_large_image\" \/>\n<meta name=\"twitter:label1\" content=\"Gesch\u00e4tzte Lesezeit\" \/>\n\t<meta name=\"twitter:data1\" content=\"8\u00a0Minuten\" \/>\n<script type=\"application\/ld+json\" class=\"yoast-schema-graph\">{\"@context\":\"https:\/\/schema.org\",\"@graph\":[{\"@type\":\"WebPage\",\"@id\":\"https:\/\/mousefreemarion.org\/de\/mfm-projekt-lenkungsausschuss\/\",\"url\":\"https:\/\/mousefreemarion.org\/de\/mfm-projekt-lenkungsausschuss\/\",\"name\":\"MFM-Projekt-Lenkungsausschuss - Mouse-Free Marion\",\"isPartOf\":{\"@id\":\"https:\/\/mousefreemarion.org\/de\/#website\"},\"datePublished\":\"2021-12-28T10:00:11+00:00\",\"dateModified\":\"2024-08-26T15:13:13+00:00\",\"breadcrumb\":{\"@id\":\"https:\/\/mousefreemarion.org\/de\/mfm-projekt-lenkungsausschuss\/#breadcrumb\"},\"inLanguage\":\"de\",\"potentialAction\":[{\"@type\":\"ReadAction\",\"target\":[\"https:\/\/mousefreemarion.org\/de\/mfm-projekt-lenkungsausschuss\/\"]}]},{\"@type\":\"BreadcrumbList\",\"@id\":\"https:\/\/mousefreemarion.org\/de\/mfm-projekt-lenkungsausschuss\/#breadcrumb\",\"itemListElement\":[{\"@type\":\"ListItem\",\"position\":1,\"name\":\"Home\",\"item\":\"https:\/\/mousefreemarion.org\/de\/kampagne-zur-erhaltung-der-natur\/\"},{\"@type\":\"ListItem\",\"position\":2,\"name\":\"MFM-Projekt-Lenkungsausschuss\"}]},{\"@type\":\"WebSite\",\"@id\":\"https:\/\/mousefreemarion.org\/de\/#website\",\"url\":\"https:\/\/mousefreemarion.org\/de\/\",\"name\":\"Mouse-Free Marion\",\"description\":\"Mouse-Free Marion\",\"potentialAction\":[{\"@type\":\"SearchAction\",\"target\":{\"@type\":\"EntryPoint\",\"urlTemplate\":\"https:\/\/mousefreemarion.org\/de\/?s={search_term_string}\"},\"query-input\":{\"@type\":\"PropertyValueSpecification\",\"valueRequired\":true,\"valueName\":\"search_term_string\"}}],\"inLanguage\":\"de\"}]}<\/script>\n<!-- \/ Yoast SEO plugin. -->","yoast_head_json":{"title":"MFM-Projekt-Lenkungsausschuss - Mouse-Free Marion","robots":{"index":"index","follow":"follow","max-snippet":"max-snippet:-1","max-image-preview":"max-image-preview:large","max-video-preview":"max-video-preview:-1"},"canonical":"https:\/\/mousefreemarion.org\/de\/mfm-projekt-lenkungsausschuss\/","og_locale":"de_DE","og_type":"article","og_title":"MFM-Projekt-Lenkungsausschuss - Mouse-Free Marion","og_url":"https:\/\/mousefreemarion.org\/de\/mfm-projekt-lenkungsausschuss\/","og_site_name":"Mouse-Free Marion","article_modified_time":"2024-08-26T15:13:13+00:00","twitter_card":"summary_large_image","twitter_misc":{"Gesch\u00e4tzte Lesezeit":"8\u00a0Minuten"},"schema":{"@context":"https:\/\/schema.org","@graph":[{"@type":"WebPage","@id":"https:\/\/mousefreemarion.org\/de\/mfm-projekt-lenkungsausschuss\/","url":"https:\/\/mousefreemarion.org\/de\/mfm-projekt-lenkungsausschuss\/","name":"MFM-Projekt-Lenkungsausschuss - Mouse-Free Marion","isPartOf":{"@id":"https:\/\/mousefreemarion.org\/de\/#website"},"datePublished":"2021-12-28T10:00:11+00:00","dateModified":"2024-08-26T15:13:13+00:00","breadcrumb":{"@id":"https:\/\/mousefreemarion.org\/de\/mfm-projekt-lenkungsausschuss\/#breadcrumb"},"inLanguage":"de","potentialAction":[{"@type":"ReadAction","target":["https:\/\/mousefreemarion.org\/de\/mfm-projekt-lenkungsausschuss\/"]}]},{"@type":"BreadcrumbList","@id":"https:\/\/mousefreemarion.org\/de\/mfm-projekt-lenkungsausschuss\/#breadcrumb","itemListElement":[{"@type":"ListItem","position":1,"name":"Home","item":"https:\/\/mousefreemarion.org\/de\/kampagne-zur-erhaltung-der-natur\/"},{"@type":"ListItem","position":2,"name":"MFM-Projekt-Lenkungsausschuss"}]},{"@type":"WebSite","@id":"https:\/\/mousefreemarion.org\/de\/#website","url":"https:\/\/mousefreemarion.org\/de\/","name":"Mouse-Free Marion","description":"Mouse-Free Marion","potentialAction":[{"@type":"SearchAction","target":{"@type":"EntryPoint","urlTemplate":"https:\/\/mousefreemarion.org\/de\/?s={search_term_string}"},"query-input":{"@type":"PropertyValueSpecification","valueRequired":true,"valueName":"search_term_string"}}],"inLanguage":"de"}]}},"_links":{"self":[{"href":"https:\/\/mousefreemarion.org\/de\/wp-json\/wp\/v2\/pages\/10257","targetHints":{"allow":["GET"]}}],"collection":[{"href":"https:\/\/mousefreemarion.org\/de\/wp-json\/wp\/v2\/pages"}],"about":[{"href":"https:\/\/mousefreemarion.org\/de\/wp-json\/wp\/v2\/types\/page"}],"author":[{"embeddable":true,"href":"https:\/\/mousefreemarion.org\/de\/wp-json\/wp\/v2\/users\/1"}],"replies":[{"embeddable":true,"href":"https:\/\/mousefreemarion.org\/de\/wp-json\/wp\/v2\/comments?post=10257"}],"version-history":[{"count":2,"href":"https:\/\/mousefreemarion.org\/de\/wp-json\/wp\/v2\/pages\/10257\/revisions"}],"predecessor-version":[{"id":20618,"href":"https:\/\/mousefreemarion.org\/de\/wp-json\/wp\/v2\/pages\/10257\/revisions\/20618"}],"wp:attachment":[{"href":"https:\/\/mousefreemarion.org\/de\/wp-json\/wp\/v2\/media?parent=10257"}],"curies":[{"name":"wp","href":"https:\/\/api.w.org\/{rel}","templated":true}]}}