{"id":10288,"date":"2021-12-28T09:55:55","date_gmt":"2021-12-28T09:55:55","guid":{"rendered":"https:\/\/mousefreemarion.org\/mfm-projektmanagement-ausschuss\/"},"modified":"2024-08-23T08:55:37","modified_gmt":"2024-08-23T08:55:37","slug":"mfm-projektmanagement-ausschuss","status":"publish","type":"page","link":"https:\/\/mousefreemarion.org\/de\/mfm-projektmanagement-ausschuss\/","title":{"rendered":"MFM-Projektmanagement-Ausschuss"},"content":{"rendered":"<p><div class=\"fusion-fullwidth fullwidth-box fusion-builder-row-1 nonhundred-percent-fullwidth non-hundred-percent-height-scrolling\" style=\"--awb-border-radius-top-left:0px;--awb-border-radius-top-right:0px;--awb-border-radius-bottom-right:0px;--awb-border-radius-bottom-left:0px;--awb-flex-wrap:wrap;\" ><div class=\"fusion-builder-row fusion-row\"><div class=\"fusion-layout-column fusion_builder_column fusion-builder-column-0 fusion_builder_column_1_1 1_1 fusion-one-full fusion-column-first fusion-column-last\" style=\"--awb-bg-size:cover;\"><div class=\"fusion-column-wrapper fusion-column-has-shadow fusion-flex-column-wrapper-legacy\"><div class=\"fusion-sep-clear\"><\/div><div class=\"fusion-separator fusion-full-width-sep\" style=\"margin-left: auto;margin-right: auto;margin-top:80px;margin-bottom:80px;width:100%;\"><\/div><div class=\"fusion-sep-clear\"><\/div><div class=\"fusion-clearfix\"><\/div><\/div><\/div><\/div><\/div><div class=\"fusion-fullwidth fullwidth-box fusion-builder-row-2 nonhundred-percent-fullwidth non-hundred-percent-height-scrolling\" style=\"--awb-border-radius-top-left:0px;--awb-border-radius-top-right:0px;--awb-border-radius-bottom-right:0px;--awb-border-radius-bottom-left:0px;--awb-margin-top:10px;--awb-margin-bottom:10px;--awb-flex-wrap:wrap;\" ><div class=\"fusion-builder-row fusion-row\"><div class=\"fusion-layout-column fusion_builder_column fusion-builder-column-1 fusion_builder_column_1_1 1_1 fusion-one-full fusion-column-first fusion-column-last\" style=\"--awb-bg-size:cover;\"><div class=\"fusion-column-wrapper fusion-column-has-shadow fusion-flex-column-wrapper-legacy\"><div class=\"fusion-text fusion-text-1\" style=\"--awb-font-size:30px;\"><p data-fontsize=\"60\" data-lineheight=\"78\"><span style=\"color: #333333;\"><strong>MFM-Projektmanagement-Ausschuss<\/strong><\/span><\/p>\n<\/div><div class=\"fusion-sep-clear\"><\/div><div class=\"fusion-separator fusion-clearfix\" style=\"float:left;margin-top:5px;margin-bottom:5px;width:100%;max-width:100px;\"><div class=\"fusion-separator-border sep-single sep-solid\" style=\"--awb-height:20px;--awb-amount:20px;--awb-sep-color:#92c4d5;border-color:#92c4d5;border-top-width:3px;\"><\/div><\/div><div class=\"fusion-sep-clear\"><\/div><div class=\"fusion-clearfix\"><\/div><\/div><\/div><div class=\"fusion-layout-column fusion_builder_column fusion-builder-column-2 fusion_builder_column_3_4 3_4 fusion-three-fourth fusion-column-first\" style=\"--awb-bg-size:cover;width:75%;width:calc(75% - ( ( 4% ) * 0.75 ) );margin-right: 4%;\"><div class=\"fusion-column-wrapper fusion-column-has-shadow fusion-flex-column-wrapper-legacy\"><div class=\"fusion-text fusion-text-2\" style=\"--awb-text-color:#141414;\"><p>Das MFM-Projektmanagementkomitee (MFM-MC) erleichtert und unterst\u00fctzt die Planung und Umsetzung des Projekts &#8222;Mausfreies Marion&#8220;. Der MFM-MC wird regelm\u00e4\u00dfig \u00fcber den Projektfortschritt informiert und steht dem MFM-Projektteam mit Rat und Tat zur Seite. Die Mitglieder des MFM-MC bestehen aus Vertretern des MFM-Projektteams, der beiden DFFE-Zweige (Ozeane und K\u00fcsten sowie Umweltprogramme), BirdLife S\u00fcdafrika, der gemeinn\u00fctzigen Gesellschaft Mouse-Free Marion (MFM NPC) und strategischen Projektberatern. Den Vorsitz des MFM-MC hat der Gesch\u00e4ftsf\u00fchrer von BirdLife S\u00fcdafrika, Mark D. Anderson, inne.<\/p>\n<h4 class=\"fusion-responsive-typography-calculated\" style=\"--fontsize: 20; line-height: 1.5; --minfontsize: 20; --fontSize: 20; --minFontSize: 20;\" data-fontsize=\"20\" data-lineheight=\"30px\"><strong>Mitglieder des MFM-Projektmanagementausschusses<\/strong><\/h4>\n<p><a href=\"https:\/\/mousefreemarion.org\/de\/mark-anderson-vorsitzender-des-mfm-verwaltungsausschusses-stellt-sich-vor\/\"><strong>Herr Mark D Anderson<\/strong><\/a> <em>(BirdLife S\u00fcdafrika und MFM NPC)<\/em><br \/><a href=\"https:\/\/mousefreemarion.org\/de\/robyn-adams-kommunikationsbeauftragte-und-projektassistentin-fuer-das-mouse-free-marion-projekt-stellt-sich-vor\/\" target=\"_blank\" rel=\"noopener\"><span style=\"color: #333333;\"><strong style=\"color: #2f576f;\">Frau Robyn Adams<\/strong><\/span><\/a> (<br \/>\n<em>MFM Project Communications Officer und Projektassistentin<\/em>)<br \/>\n<span style=\"color: #333333;\"><strong>Herr Willem Boshoff<\/strong> <\/span>(<br \/>\n<em>Ozeane und K\u00fcsten-DFFE<\/em>)<br \/>\n<a href=\"https:\/\/mousefreemarion.org\/de\/andrew-callender-das-neueste-mitglied-des-mouse-free-marion-management-committee\/\" target=\"_blank\" rel=\"noopener\"><span style=\"color: #333333;\"><strong>Herr Andrew Callender<\/strong><\/span><\/a> (<br \/>\n<em>Royal Society for the Protection of Birds, RSPB<\/em>)<br \/>\n<strong><a href=\"https:\/\/mousefreemarion.org\/de\/tarryn-havemann-die-neu-ernannte-entwicklungsbeauftragte-des-mouse-free-marion-projekts-stellt-sich-vor\/\" target=\"_blank\" rel=\"noopener noreferrer\">Frau Tarryn Havemann<\/a><\/strong> (<br \/>\n<i>MFM Entwicklungsbeauftragte<\/i>)<br \/>\n<strong>Herr Rodgerson Hlophe<\/strong> (<br \/>\n<i>Ozeane &amp; K\u00fcsten-DFFE<\/i>)<br \/>\n<span style=\"color: #333333;\"><strong><a href=\"https:\/\/mousefreemarion.org\/de\/carol-jacobs-mitglied-des-verwaltungsausschusses-des-projekts-mouse-free-marion-erhaelt-eine-eulenauszeichnung-von-birdlife-south-africa\/\" target=\"_blank\" rel=\"noopener noreferrer\">Frau Carol Jacobs<\/a><\/strong> <\/span>(<br \/>\n<em>Umwelt-Programme-DFFE<\/em>)<br \/>\n<strong>Frau Daisy Kotsedi<\/strong> (<br \/>\n<i>Ozeane &amp; K\u00fcsten-DFFE<\/i>)<br \/>\n<strong>Herr Mntambo Nakwa <\/strong> (<br \/>\n<i>Einhaltung von Rechtsvorschriften und Sektor\u00fcberwachung &#8211; DFFE<\/i>)<br \/>\n<a href=\"https:\/\/mousefreemarion.org\/de\/dr-alistair-mcinnes-programmleiter-fuer-den-schutz-von-seevoegeln-bei-birdlife-suedafrika-stellt-sich-vor\/\"><strong>Dr. Alistair McInnes<\/strong><\/a> (<br \/>\n<em>BirdLife S\u00fcdafrika<\/em>)<br \/>\n<span style=\"color: #333333;\"><strong>Dr. Guy Preston<\/strong> <\/span>(<br \/>\n<em>MFM NPC, Berater von BirdLife S\u00fcdafrika<\/em>)<br \/>\n<a href=\"https:\/\/mousefreemarion.org\/de\/keith-springer-ein-urgestein-der-macquarie-insel-wird-betriebsleiter-von-mouse-free-marion\/\"><strong style=\"color: #2f576f;\">Herr Keith Springer<\/strong><\/a> (<br \/>\n<em>MFM Operations Manager<\/em>)<br \/>\n<strong><a href=\"https:\/\/mousefreemarion.org\/de\/sue-tonin-die-stellvertretende-projektleiterin-von-mouse-free-marion-verstaerkt-diesen-monat-das-team\/\">Dr. Sue Tonin <\/a><\/strong>(<br \/>\n<i>MFM Assistentin des Projektleiters<\/i>)<br \/>\n<a href=\"https:\/\/mousefreemarion.org\/de\/dr-anton-wolfaardt-projektleiter-des-projekts-mausfreies-marion-stellt-sich-vor\/\"><strong>Dr. Anton Wolfaardt<\/strong><\/a> (<br \/>\n<em>MFM-Projektleiter<\/em>)<\/p>\n<\/div><div class=\"fusion-sep-clear\"><\/div><div class=\"fusion-separator fusion-clearfix\" style=\"float:left;margin-top:5px;margin-bottom:5px;width:100%;max-width:100px;\"><div class=\"fusion-separator-border sep-single sep-solid\" style=\"--awb-height:20px;--awb-amount:20px;--awb-sep-color:#92c4d5;border-color:#92c4d5;border-top-width:3px;\"><\/div><\/div><div class=\"fusion-sep-clear\"><\/div><div class=\"fusion-clearfix\"><\/div><\/div><\/div><div class=\"fusion-layout-column fusion_builder_column fusion-builder-column-3 fusion_builder_column_1_4 1_4 fusion-one-fourth fusion-column-last\" style=\"--awb-bg-size:cover;width:25%;width:calc(25% - ( ( 4% ) * 0.25 ) );\"><div class=\"fusion-column-wrapper fusion-column-has-shadow fusion-flex-column-wrapper-legacy\"><script src=\"https:\/\/apps.elfsight.com\/p\/platform.js\" defer><\/script><\/p>\n<div class=\"elfsight-app-be4791f9-e77d-407e-b5a1-4742e7726949\"><\/div>\n<div class=\"fusion-clearfix\"><\/div><\/div><\/div><\/div><\/div><div class=\"fusion-fullwidth fullwidth-box fusion-builder-row-3 nonhundred-percent-fullwidth non-hundred-percent-height-scrolling\" style=\"--awb-border-radius-top-left:0px;--awb-border-radius-top-right:0px;--awb-border-radius-bottom-right:0px;--awb-border-radius-bottom-left:0px;--awb-flex-wrap:wrap;\" ><div class=\"fusion-builder-row fusion-row\"><div class=\"fusion-layout-column fusion_builder_column fusion-builder-column-4 fusion_builder_column_2_3 2_3 fusion-two-third fusion-column-first\" style=\"--awb-bg-size:cover;width:66.666666666667%;width:calc(66.666666666667% - ( ( 4% + 4% ) * 0.66666666666667 ) );margin-right: 4%;\"><div class=\"fusion-column-wrapper fusion-column-has-shadow fusion-flex-column-wrapper-legacy\"><div class=\"fusion-image-element in-legacy-container\" style=\"--awb-caption-title-font-family:var(--h2_typography-font-family);--awb-caption-title-font-weight:var(--h2_typography-font-weight);--awb-caption-title-font-style:var(--h2_typography-font-style);--awb-caption-title-size:var(--h2_typography-font-size);--awb-caption-title-transform:var(--h2_typography-text-transform);--awb-caption-title-line-height:var(--h2_typography-line-height);--awb-caption-title-letter-spacing:var(--h2_typography-letter-spacing);\"><span class=\" fusion-imageframe imageframe-none imageframe-1 hover-type-none\"><img decoding=\"async\" width=\"800\" height=\"183\" title=\"Logos-BL-DFFE\" src=\"https:\/\/mousefreemarion.org\/wp-content\/uploads\/2021\/03\/Logos-BL-DFFE.jpg\" alt class=\"img-responsive wp-image-8961\" srcset=\"https:\/\/mousefreemarion.org\/wp-content\/uploads\/2021\/03\/Logos-BL-DFFE-200x46.jpg 200w, https:\/\/mousefreemarion.org\/wp-content\/uploads\/2021\/03\/Logos-BL-DFFE-400x92.jpg 400w, https:\/\/mousefreemarion.org\/wp-content\/uploads\/2021\/03\/Logos-BL-DFFE-600x137.jpg 600w, https:\/\/mousefreemarion.org\/wp-content\/uploads\/2021\/03\/Logos-BL-DFFE.jpg 800w\" sizes=\"(max-width: 800px) 100vw, 800px\" \/><\/span><\/div><div class=\"fusion-clearfix\"><\/div><\/div><\/div><div class=\"fusion-layout-column fusion_builder_column fusion-builder-column-5 fusion_builder_column_1_6 1_6 fusion-one-sixth\" style=\"--awb-bg-size:cover;width:16.666666666667%;width:calc(16.666666666667% - ( ( 4% + 4% ) * 0.16666666666667 ) );margin-right: 4%;\"><div class=\"fusion-column-wrapper fusion-column-has-shadow fusion-flex-column-wrapper-legacy\"><div class=\"fusion-clearfix\"><\/div><\/div><\/div><div class=\"fusion-layout-column fusion_builder_column fusion-builder-column-6 fusion_builder_column_1_6 1_6 fusion-one-sixth fusion-column-last\" style=\"--awb-bg-size:cover;width:16.666666666667%;width:calc(16.666666666667% - ( ( 4% + 4% ) * 0.16666666666667 ) );\"><div class=\"fusion-column-wrapper fusion-column-has-shadow fusion-flex-column-wrapper-legacy\"><div class=\"fusion-clearfix\"><\/div><\/div><\/div><\/div><\/div><\/p>\n","protected":false},"excerpt":{"rendered":"","protected":false},"author":1,"featured_media":0,"parent":0,"menu_order":0,"comment_status":"closed","ping_status":"closed","template":"100-width.php","meta":{"footnotes":""},"class_list":["post-10288","page","type-page","status-publish","hentry"],"yoast_head":"<!-- This site is optimized with the Yoast SEO plugin v27.2 - https:\/\/yoast.com\/product\/yoast-seo-wordpress\/ -->\n<title>MFM-Projektmanagement-Ausschuss - Mouse-Free Marion<\/title>\n<meta name=\"robots\" content=\"index, follow, max-snippet:-1, max-image-preview:large, max-video-preview:-1\" \/>\n<link rel=\"canonical\" href=\"https:\/\/mousefreemarion.org\/de\/mfm-projektmanagement-ausschuss\/\" \/>\n<meta property=\"og:locale\" content=\"de_DE\" \/>\n<meta property=\"og:type\" content=\"article\" \/>\n<meta property=\"og:title\" content=\"MFM-Projektmanagement-Ausschuss - Mouse-Free Marion\" \/>\n<meta property=\"og:url\" content=\"https:\/\/mousefreemarion.org\/de\/mfm-projektmanagement-ausschuss\/\" \/>\n<meta property=\"og:site_name\" content=\"Mouse-Free Marion\" \/>\n<meta property=\"article:modified_time\" content=\"2024-08-23T08:55:37+00:00\" \/>\n<meta name=\"twitter:card\" content=\"summary_large_image\" \/>\n<meta name=\"twitter:label1\" content=\"Gesch\u00e4tzte Lesezeit\" \/>\n\t<meta name=\"twitter:data1\" content=\"9\u00a0Minuten\" \/>\n<script type=\"application\/ld+json\" class=\"yoast-schema-graph\">{\"@context\":\"https:\/\/schema.org\",\"@graph\":[{\"@type\":\"WebPage\",\"@id\":\"https:\/\/mousefreemarion.org\/de\/mfm-projektmanagement-ausschuss\/\",\"url\":\"https:\/\/mousefreemarion.org\/de\/mfm-projektmanagement-ausschuss\/\",\"name\":\"MFM-Projektmanagement-Ausschuss - Mouse-Free Marion\",\"isPartOf\":{\"@id\":\"https:\/\/mousefreemarion.org\/de\/#website\"},\"datePublished\":\"2021-12-28T09:55:55+00:00\",\"dateModified\":\"2024-08-23T08:55:37+00:00\",\"breadcrumb\":{\"@id\":\"https:\/\/mousefreemarion.org\/de\/mfm-projektmanagement-ausschuss\/#breadcrumb\"},\"inLanguage\":\"de\",\"potentialAction\":[{\"@type\":\"ReadAction\",\"target\":[\"https:\/\/mousefreemarion.org\/de\/mfm-projektmanagement-ausschuss\/\"]}]},{\"@type\":\"BreadcrumbList\",\"@id\":\"https:\/\/mousefreemarion.org\/de\/mfm-projektmanagement-ausschuss\/#breadcrumb\",\"itemListElement\":[{\"@type\":\"ListItem\",\"position\":1,\"name\":\"Home\",\"item\":\"https:\/\/mousefreemarion.org\/de\/kampagne-zur-erhaltung-der-natur\/\"},{\"@type\":\"ListItem\",\"position\":2,\"name\":\"MFM-Projektmanagement-Ausschuss\"}]},{\"@type\":\"WebSite\",\"@id\":\"https:\/\/mousefreemarion.org\/de\/#website\",\"url\":\"https:\/\/mousefreemarion.org\/de\/\",\"name\":\"Mouse-Free Marion\",\"description\":\"Mouse-Free Marion\",\"potentialAction\":[{\"@type\":\"SearchAction\",\"target\":{\"@type\":\"EntryPoint\",\"urlTemplate\":\"https:\/\/mousefreemarion.org\/de\/?s={search_term_string}\"},\"query-input\":{\"@type\":\"PropertyValueSpecification\",\"valueRequired\":true,\"valueName\":\"search_term_string\"}}],\"inLanguage\":\"de\"}]}<\/script>\n<!-- \/ Yoast SEO plugin. -->","yoast_head_json":{"title":"MFM-Projektmanagement-Ausschuss - Mouse-Free Marion","robots":{"index":"index","follow":"follow","max-snippet":"max-snippet:-1","max-image-preview":"max-image-preview:large","max-video-preview":"max-video-preview:-1"},"canonical":"https:\/\/mousefreemarion.org\/de\/mfm-projektmanagement-ausschuss\/","og_locale":"de_DE","og_type":"article","og_title":"MFM-Projektmanagement-Ausschuss - Mouse-Free Marion","og_url":"https:\/\/mousefreemarion.org\/de\/mfm-projektmanagement-ausschuss\/","og_site_name":"Mouse-Free Marion","article_modified_time":"2024-08-23T08:55:37+00:00","twitter_card":"summary_large_image","twitter_misc":{"Gesch\u00e4tzte Lesezeit":"9\u00a0Minuten"},"schema":{"@context":"https:\/\/schema.org","@graph":[{"@type":"WebPage","@id":"https:\/\/mousefreemarion.org\/de\/mfm-projektmanagement-ausschuss\/","url":"https:\/\/mousefreemarion.org\/de\/mfm-projektmanagement-ausschuss\/","name":"MFM-Projektmanagement-Ausschuss - Mouse-Free Marion","isPartOf":{"@id":"https:\/\/mousefreemarion.org\/de\/#website"},"datePublished":"2021-12-28T09:55:55+00:00","dateModified":"2024-08-23T08:55:37+00:00","breadcrumb":{"@id":"https:\/\/mousefreemarion.org\/de\/mfm-projektmanagement-ausschuss\/#breadcrumb"},"inLanguage":"de","potentialAction":[{"@type":"ReadAction","target":["https:\/\/mousefreemarion.org\/de\/mfm-projektmanagement-ausschuss\/"]}]},{"@type":"BreadcrumbList","@id":"https:\/\/mousefreemarion.org\/de\/mfm-projektmanagement-ausschuss\/#breadcrumb","itemListElement":[{"@type":"ListItem","position":1,"name":"Home","item":"https:\/\/mousefreemarion.org\/de\/kampagne-zur-erhaltung-der-natur\/"},{"@type":"ListItem","position":2,"name":"MFM-Projektmanagement-Ausschuss"}]},{"@type":"WebSite","@id":"https:\/\/mousefreemarion.org\/de\/#website","url":"https:\/\/mousefreemarion.org\/de\/","name":"Mouse-Free Marion","description":"Mouse-Free Marion","potentialAction":[{"@type":"SearchAction","target":{"@type":"EntryPoint","urlTemplate":"https:\/\/mousefreemarion.org\/de\/?s={search_term_string}"},"query-input":{"@type":"PropertyValueSpecification","valueRequired":true,"valueName":"search_term_string"}}],"inLanguage":"de"}]}},"_links":{"self":[{"href":"https:\/\/mousefreemarion.org\/de\/wp-json\/wp\/v2\/pages\/10288","targetHints":{"allow":["GET"]}}],"collection":[{"href":"https:\/\/mousefreemarion.org\/de\/wp-json\/wp\/v2\/pages"}],"about":[{"href":"https:\/\/mousefreemarion.org\/de\/wp-json\/wp\/v2\/types\/page"}],"author":[{"embeddable":true,"href":"https:\/\/mousefreemarion.org\/de\/wp-json\/wp\/v2\/users\/1"}],"replies":[{"embeddable":true,"href":"https:\/\/mousefreemarion.org\/de\/wp-json\/wp\/v2\/comments?post=10288"}],"version-history":[{"count":2,"href":"https:\/\/mousefreemarion.org\/de\/wp-json\/wp\/v2\/pages\/10288\/revisions"}],"predecessor-version":[{"id":20549,"href":"https:\/\/mousefreemarion.org\/de\/wp-json\/wp\/v2\/pages\/10288\/revisions\/20549"}],"wp:attachment":[{"href":"https:\/\/mousefreemarion.org\/de\/wp-json\/wp\/v2\/media?parent=10288"}],"curies":[{"name":"wp","href":"https:\/\/api.w.org\/{rel}","templated":true}]}}