{"id":10656,"date":"2021-08-11T09:53:04","date_gmt":"2021-08-11T09:53:04","guid":{"rendered":"https:\/\/mousefreemarion.org\/product\/marion-insel-hektar\/"},"modified":"2022-09-15T13:21:38","modified_gmt":"2022-09-15T13:21:38","slug":"marion-island-hektar1000","status":"publish","type":"product","link":"https:\/\/mousefreemarion.org\/de\/produkt\/marion-island-hektar1000\/","title":{"rendered":"Marion Insel Hektar"},"content":{"rendered":"<h3>R1000<\/h3>\n<p>Marion Island wird die gr\u00f6\u00dfte Insel sein, auf der die M\u00e4use erfolgreich ausgerottet wurden.<br \/>\nWerden Sie Teil der Geschichte und \u00fcbernehmen Sie die Patenschaft f\u00fcr einen (oder mehrere) Hektar dieses wundersch\u00f6nen ozeanischen Kleinods.<\/p>\n<p>&nbsp;<\/p>\n","protected":false},"excerpt":{"rendered":"<h3>R1000<\/h3>\n<p>Marion Island wird die gr\u00f6\u00dfte Insel sein, auf der die M\u00e4use erfolgreich ausgerottet wurden. Werden Sie Teil der Geschichte und \u00fcbernehmen Sie die Patenschaft f\u00fcr einen (oder mehrere) Hektar dieses wundersch\u00f6nen ozeanischen Kleinods.<\/p>\n<hr>\n<p>Beachten Sie, dass s\u00fcdafrikanische Steuerzahler und Einwohner auch 18A-Steuerbescheinigungen erhalten k\u00f6nnen, wenn sie die PayGenius-Option nutzen. Bitte senden Sie Ihren Antrag auf ein Zertifikat per E-Mail an <a href=\"mailto:info@mousefreemarion.org\" target=\"_blank\" rel=\"noopener\"><br \/>\n  <strong>info@mousefreemarion.org<\/strong><br \/>\n<\/a> falls zutreffend.<\/p>\n","protected":false},"featured_media":9366,"template":"","meta":[],"product_brand":[],"product_cat":[44],"product_tag":[],"class_list":{"0":"post-10656","1":"product","2":"type-product","3":"status-publish","4":"has-post-thumbnail","6":"product_cat-unkategorisiert","8":"first","9":"instock","10":"virtual","11":"purchasable","12":"product-type-simple"},"yoast_head":"<!-- This site is optimized with the Yoast SEO plugin v27.2 - https:\/\/yoast.com\/product\/yoast-seo-wordpress\/ -->\n<title>Marion Insel Hektar - Mouse-Free Marion<\/title>\n<meta name=\"description\" content=\"Marion Island wird die gr\u00f6\u00dfte Insel sein, auf der die M\u00e4use erfolgreich ausgerottet wurden. Werden Sie Teil der Geschichte und \u00fcbernehmen Sie die Patenschaft f\u00fcr einen (oder mehrere) Hektar dieses wundersch\u00f6nen ozeanischen Kleinods.\" \/>\n<meta name=\"robots\" content=\"index, follow, max-snippet:-1, max-image-preview:large, max-video-preview:-1\" \/>\n<link rel=\"canonical\" href=\"https:\/\/mousefreemarion.org\/de\/produkt\/marion-island-hektar1000\/\" \/>\n<meta property=\"og:locale\" content=\"de_DE\" \/>\n<meta property=\"og:type\" content=\"article\" \/>\n<meta property=\"og:title\" content=\"Marion Insel Hektar - Mouse-Free Marion\" \/>\n<meta property=\"og:description\" content=\"Marion Island wird die gr\u00f6\u00dfte Insel sein, auf der die M\u00e4use erfolgreich ausgerottet wurden. Werden Sie Teil der Geschichte und \u00fcbernehmen Sie die Patenschaft f\u00fcr einen (oder mehrere) Hektar dieses wundersch\u00f6nen ozeanischen Kleinods.\" \/>\n<meta property=\"og:url\" content=\"https:\/\/mousefreemarion.org\/de\/produkt\/marion-island-hektar1000\/\" \/>\n<meta property=\"og:site_name\" content=\"Mouse-Free Marion\" \/>\n<meta property=\"article:modified_time\" content=\"2022-09-15T13:21:38+00:00\" \/>\n<meta property=\"og:image\" content=\"https:\/\/mousefreemarion.org\/wp-content\/uploads\/2021\/10\/MarionIsland_map_24.png\" \/>\n\t<meta property=\"og:image:width\" content=\"800\" \/>\n\t<meta property=\"og:image:height\" content=\"560\" \/>\n\t<meta property=\"og:image:type\" content=\"image\/png\" \/>\n<meta name=\"twitter:card\" content=\"summary_large_image\" \/>\n<script type=\"application\/ld+json\" class=\"yoast-schema-graph\">{\"@context\":\"https:\/\/schema.org\",\"@graph\":[{\"@type\":\"WebPage\",\"@id\":\"https:\/\/mousefreemarion.org\/de\/produkt\/marion-island-hektar1000\/\",\"url\":\"https:\/\/mousefreemarion.org\/de\/produkt\/marion-island-hektar1000\/\",\"name\":\"Marion Insel Hektar - Mouse-Free Marion\",\"isPartOf\":{\"@id\":\"https:\/\/mousefreemarion.org\/de\/#website\"},\"primaryImageOfPage\":{\"@id\":\"https:\/\/mousefreemarion.org\/de\/produkt\/marion-island-hektar1000\/#primaryimage\"},\"image\":{\"@id\":\"https:\/\/mousefreemarion.org\/de\/produkt\/marion-island-hektar1000\/#primaryimage\"},\"thumbnailUrl\":\"https:\/\/mousefreemarion.org\/wp-content\/uploads\/2021\/10\/MarionIsland_map_24.png\",\"datePublished\":\"2021-08-11T09:53:04+00:00\",\"dateModified\":\"2022-09-15T13:21:38+00:00\",\"description\":\"Marion Island wird die gr\u00f6\u00dfte Insel sein, auf der die M\u00e4use erfolgreich ausgerottet wurden. Werden Sie Teil der Geschichte und \u00fcbernehmen Sie die Patenschaft f\u00fcr einen (oder mehrere) Hektar dieses wundersch\u00f6nen ozeanischen Kleinods.\",\"breadcrumb\":{\"@id\":\"https:\/\/mousefreemarion.org\/de\/produkt\/marion-island-hektar1000\/#breadcrumb\"},\"inLanguage\":\"de\",\"potentialAction\":[{\"@type\":\"ReadAction\",\"target\":[\"https:\/\/mousefreemarion.org\/de\/produkt\/marion-island-hektar1000\/\"]}]},{\"@type\":\"ImageObject\",\"inLanguage\":\"de\",\"@id\":\"https:\/\/mousefreemarion.org\/de\/produkt\/marion-island-hektar1000\/#primaryimage\",\"url\":\"https:\/\/mousefreemarion.org\/wp-content\/uploads\/2021\/10\/MarionIsland_map_24.png\",\"contentUrl\":\"https:\/\/mousefreemarion.org\/wp-content\/uploads\/2021\/10\/MarionIsland_map_24.png\",\"width\":800,\"height\":560},{\"@type\":\"BreadcrumbList\",\"@id\":\"https:\/\/mousefreemarion.org\/de\/produkt\/marion-island-hektar1000\/#breadcrumb\",\"itemListElement\":[{\"@type\":\"ListItem\",\"position\":1,\"name\":\"Home\",\"item\":\"https:\/\/mousefreemarion.org\/de\/kampagne-zur-erhaltung-der-natur\/\"},{\"@type\":\"ListItem\",\"position\":2,\"name\":\"F\u00f6rderer\",\"item\":\"https:\/\/mousefreemarion.org\/de\/foerderer\/\"},{\"@type\":\"ListItem\",\"position\":3,\"name\":\"Marion Insel Hektar\"}]},{\"@type\":\"WebSite\",\"@id\":\"https:\/\/mousefreemarion.org\/de\/#website\",\"url\":\"https:\/\/mousefreemarion.org\/de\/\",\"name\":\"Mouse-Free Marion\",\"description\":\"Mouse-Free Marion\",\"potentialAction\":[{\"@type\":\"SearchAction\",\"target\":{\"@type\":\"EntryPoint\",\"urlTemplate\":\"https:\/\/mousefreemarion.org\/de\/?s={search_term_string}\"},\"query-input\":{\"@type\":\"PropertyValueSpecification\",\"valueRequired\":true,\"valueName\":\"search_term_string\"}}],\"inLanguage\":\"de\"}]}<\/script>\n<!-- \/ Yoast SEO plugin. -->","yoast_head_json":{"title":"Marion Insel Hektar - Mouse-Free Marion","description":"Marion Island wird die gr\u00f6\u00dfte Insel sein, auf der die M\u00e4use erfolgreich ausgerottet wurden. Werden Sie Teil der Geschichte und \u00fcbernehmen Sie die Patenschaft f\u00fcr einen (oder mehrere) Hektar dieses wundersch\u00f6nen ozeanischen Kleinods.","robots":{"index":"index","follow":"follow","max-snippet":"max-snippet:-1","max-image-preview":"max-image-preview:large","max-video-preview":"max-video-preview:-1"},"canonical":"https:\/\/mousefreemarion.org\/de\/produkt\/marion-island-hektar1000\/","og_locale":"de_DE","og_type":"article","og_title":"Marion Insel Hektar - Mouse-Free Marion","og_description":"Marion Island wird die gr\u00f6\u00dfte Insel sein, auf der die M\u00e4use erfolgreich ausgerottet wurden. Werden Sie Teil der Geschichte und \u00fcbernehmen Sie die Patenschaft f\u00fcr einen (oder mehrere) Hektar dieses wundersch\u00f6nen ozeanischen Kleinods.","og_url":"https:\/\/mousefreemarion.org\/de\/produkt\/marion-island-hektar1000\/","og_site_name":"Mouse-Free Marion","article_modified_time":"2022-09-15T13:21:38+00:00","og_image":[{"width":800,"height":560,"url":"https:\/\/mousefreemarion.org\/wp-content\/uploads\/2021\/10\/MarionIsland_map_24.png","type":"image\/png"}],"twitter_card":"summary_large_image","schema":{"@context":"https:\/\/schema.org","@graph":[{"@type":"WebPage","@id":"https:\/\/mousefreemarion.org\/de\/produkt\/marion-island-hektar1000\/","url":"https:\/\/mousefreemarion.org\/de\/produkt\/marion-island-hektar1000\/","name":"Marion Insel Hektar - Mouse-Free Marion","isPartOf":{"@id":"https:\/\/mousefreemarion.org\/de\/#website"},"primaryImageOfPage":{"@id":"https:\/\/mousefreemarion.org\/de\/produkt\/marion-island-hektar1000\/#primaryimage"},"image":{"@id":"https:\/\/mousefreemarion.org\/de\/produkt\/marion-island-hektar1000\/#primaryimage"},"thumbnailUrl":"https:\/\/mousefreemarion.org\/wp-content\/uploads\/2021\/10\/MarionIsland_map_24.png","datePublished":"2021-08-11T09:53:04+00:00","dateModified":"2022-09-15T13:21:38+00:00","description":"Marion Island wird die gr\u00f6\u00dfte Insel sein, auf der die M\u00e4use erfolgreich ausgerottet wurden. Werden Sie Teil der Geschichte und \u00fcbernehmen Sie die Patenschaft f\u00fcr einen (oder mehrere) Hektar dieses wundersch\u00f6nen ozeanischen Kleinods.","breadcrumb":{"@id":"https:\/\/mousefreemarion.org\/de\/produkt\/marion-island-hektar1000\/#breadcrumb"},"inLanguage":"de","potentialAction":[{"@type":"ReadAction","target":["https:\/\/mousefreemarion.org\/de\/produkt\/marion-island-hektar1000\/"]}]},{"@type":"ImageObject","inLanguage":"de","@id":"https:\/\/mousefreemarion.org\/de\/produkt\/marion-island-hektar1000\/#primaryimage","url":"https:\/\/mousefreemarion.org\/wp-content\/uploads\/2021\/10\/MarionIsland_map_24.png","contentUrl":"https:\/\/mousefreemarion.org\/wp-content\/uploads\/2021\/10\/MarionIsland_map_24.png","width":800,"height":560},{"@type":"BreadcrumbList","@id":"https:\/\/mousefreemarion.org\/de\/produkt\/marion-island-hektar1000\/#breadcrumb","itemListElement":[{"@type":"ListItem","position":1,"name":"Home","item":"https:\/\/mousefreemarion.org\/de\/kampagne-zur-erhaltung-der-natur\/"},{"@type":"ListItem","position":2,"name":"F\u00f6rderer","item":"https:\/\/mousefreemarion.org\/de\/foerderer\/"},{"@type":"ListItem","position":3,"name":"Marion Insel Hektar"}]},{"@type":"WebSite","@id":"https:\/\/mousefreemarion.org\/de\/#website","url":"https:\/\/mousefreemarion.org\/de\/","name":"Mouse-Free Marion","description":"Mouse-Free Marion","potentialAction":[{"@type":"SearchAction","target":{"@type":"EntryPoint","urlTemplate":"https:\/\/mousefreemarion.org\/de\/?s={search_term_string}"},"query-input":{"@type":"PropertyValueSpecification","valueRequired":true,"valueName":"search_term_string"}}],"inLanguage":"de"}]}},"_links":{"self":[{"href":"https:\/\/mousefreemarion.org\/de\/wp-json\/wp\/v2\/product\/10656","targetHints":{"allow":["GET"]}}],"collection":[{"href":"https:\/\/mousefreemarion.org\/de\/wp-json\/wp\/v2\/product"}],"about":[{"href":"https:\/\/mousefreemarion.org\/de\/wp-json\/wp\/v2\/types\/product"}],"wp:featuredmedia":[{"embeddable":true,"href":"https:\/\/mousefreemarion.org\/de\/wp-json\/wp\/v2\/media\/9366"}],"wp:attachment":[{"href":"https:\/\/mousefreemarion.org\/de\/wp-json\/wp\/v2\/media?parent=10656"}],"wp:term":[{"taxonomy":"product_brand","embeddable":true,"href":"https:\/\/mousefreemarion.org\/de\/wp-json\/wp\/v2\/product_brand?post=10656"},{"taxonomy":"product_cat","embeddable":true,"href":"https:\/\/mousefreemarion.org\/de\/wp-json\/wp\/v2\/product_cat?post=10656"},{"taxonomy":"product_tag","embeddable":true,"href":"https:\/\/mousefreemarion.org\/de\/wp-json\/wp\/v2\/product_tag?post=10656"}],"curies":[{"name":"wp","href":"https:\/\/api.w.org\/{rel}","templated":true}]}}