{"id":13464,"date":"2022-03-01T06:21:25","date_gmt":"2022-03-01T06:21:25","guid":{"rendered":"https:\/\/mousefreemarion.org\/product\/spenden-sie-einen-beliebigen-betrag\/"},"modified":"2024-03-02T13:13:17","modified_gmt":"2024-03-02T13:13:17","slug":"spende-einen-betrag","status":"publish","type":"product","link":"https:\/\/mousefreemarion.org\/de\/produkt\/spende-einen-betrag\/","title":{"rendered":"Spenden Sie einen beliebigen Betrag"},"content":{"rendered":"<p><span style=\"color: #333333;\"><strong>Spenden Sie noch heute online f\u00fcr Mouse-Free Marion, um Marion Island von M\u00e4usen zu befreien und diesen wichtigen Lebensraum f\u00fcr Seev\u00f6gel wiederherzustellen.<\/strong><\/span><br \/>\nMouse Free Marion ist eine eingetragene gemeinn\u00fctzige Organisation (Nr. 2020\/922433\/08) und ist berechtigt, gegebenenfalls 18A-Steuerbescheinigungen auszustellen. Um in S\u00fcdafrika eine 18A-Steuerbescheinigung f\u00fcr Ihre Spende zu erhalten, senden Sie bitte Ihren Zahlungsnachweis zusammen mit Ihrem vollst\u00e4ndigen Namen und Ihrer Adresse per E-Mail an info@mousefreemarion.org. Bitte denken Sie daran, Antr\u00e4ge auf Steuerbescheinigungen auf Spenden von R500 oder mehr zu beschr\u00e4nken.<\/p>\n<p><span style=\"color: #333333;\"><strong>Geschenke von Wertpapieren mit Wertzuwachs<\/strong><\/span><br \/>\nF\u00fcr \u00dcberweisungsanweisungen oder Spenden von wertvollen Aktien oder Wertpapieren wenden Sie sich bitte an <a href=\"mailto:tarryn.havemann@mousefreemarion.org\" target=\"_blank\" rel=\"noopener\">tarryn.havemann@mousefreemarion.org<\/a><\/p>\n<p><span style=\"color: #333333;\"><strong>Unternehmen, die daran interessiert sind, das Projekt &#8222;Mausfreies Marion&#8220; zu unterst\u00fctzen<\/strong><\/span><br \/>\nF\u00fcr weitere Informationen senden Sie bitte eine E-Mail an <a href=\"mailto:tarryn.havemann@mousefreemarion.org\" target=\"_blank\" rel=\"noopener\">tarryn.havemann@mousefreemarion.org<\/a>.<\/p>\n<p>&nbsp;<\/p>\n","protected":false},"excerpt":{"rendered":"<p><span style=\"color: #333333;\"><strong>Spenden Sie noch heute online f\u00fcr Mouse-Free Marion, um Marion Island von M\u00e4usen zu befreien und diesen wichtigen Lebensraum f\u00fcr Seev\u00f6gel wiederherzustellen.<\/strong><\/span><br \/>\nMouse Free Marion ist eine eingetragene gemeinn\u00fctzige Organisation (Nr. 2020\/922433\/08) und ist berechtigt, gegebenenfalls 18A-Steuerbescheinigungen auszustellen. Um in S\u00fcdafrika eine 18A-Steuerbescheinigung f\u00fcr Ihre Spende zu erhalten, senden Sie bitte Ihren Zahlungsnachweis zusammen mit Ihrem vollst\u00e4ndigen Namen und Ihrer Adresse per E-Mail an info@mousefreemarion.org. Bitte denken Sie daran, Antr\u00e4ge auf Steuerbescheinigungen auf Spenden von R500 oder mehr zu beschr\u00e4nken.<\/p>\n<p><span style=\"color: #333333;\"><strong>Geschenke von Wertpapieren mit Wertzuwachs<\/strong><\/span><br \/>\nF\u00fcr \u00dcberweisungsanweisungen oder Spenden von wertvollen Aktien oder Wertpapieren wenden Sie sich bitte an <a href=\"mailto:tarryn.havemann@mousefreemarion.org\" target=\"_blank\" rel=\"noopener\">tarryn.havemann@mousefreemarion.org<\/a><\/p>\n<p><span style=\"color: #333333;\"><strong>Unternehmen, die daran interessiert sind, das Projekt &#8222;Mausfreies Marion&#8220; zu unterst\u00fctzen<\/strong><\/span><br \/>\nF\u00fcr weitere Informationen senden Sie bitte eine E-Mail an <a href=\"mailto:tarryn.havemann@mousefreemarion.org\" target=\"_blank\" rel=\"noopener\">tarryn.havemann@mousefreemarion.org<\/a>.<\/p>\n<hr>\n<p><span style=\"color: #2f576f;\"><strong>Geben Sie unten einen Betrag (in Rands) ein, um zu spenden<\/strong><\/span><\/p>\n","protected":false},"featured_media":9666,"template":"","meta":[],"product_brand":[],"product_cat":[44],"product_tag":[],"class_list":{"0":"post-13464","1":"product","2":"type-product","3":"status-publish","4":"has-post-thumbnail","6":"product_cat-unkategorisiert","8":"first","9":"instock","10":"virtual","11":"purchasable","12":"product-type-simple"},"yoast_head":"<!-- This site is optimized with the Yoast SEO plugin v27.2 - https:\/\/yoast.com\/product\/yoast-seo-wordpress\/ -->\n<title>Spenden Sie einen beliebigen Betrag - Mouse-Free Marion<\/title>\n<meta name=\"description\" content=\"Marion Island wird die gr\u00f6\u00dfte Insel sein, auf der die M\u00e4use erfolgreich ausgerottet wurden. Werden Sie Teil der Geschichte und \u00fcbernehmen Sie die Patenschaft f\u00fcr einen (oder mehrere) Hektar dieses wundersch\u00f6nen ozeanischen Kleinods.\" \/>\n<meta name=\"robots\" content=\"index, follow, max-snippet:-1, max-image-preview:large, max-video-preview:-1\" \/>\n<link rel=\"canonical\" href=\"https:\/\/mousefreemarion.org\/de\/produkt\/spende-einen-betrag\/\" \/>\n<meta property=\"og:locale\" content=\"de_DE\" \/>\n<meta property=\"og:type\" content=\"article\" \/>\n<meta property=\"og:title\" content=\"Spenden Sie einen beliebigen Betrag - Mouse-Free Marion\" \/>\n<meta property=\"og:description\" content=\"Marion Island wird die gr\u00f6\u00dfte Insel sein, auf der die M\u00e4use erfolgreich ausgerottet wurden. Werden Sie Teil der Geschichte und \u00fcbernehmen Sie die Patenschaft f\u00fcr einen (oder mehrere) Hektar dieses wundersch\u00f6nen ozeanischen Kleinods.\" \/>\n<meta property=\"og:url\" content=\"https:\/\/mousefreemarion.org\/de\/produkt\/spende-einen-betrag\/\" \/>\n<meta property=\"og:site_name\" content=\"Mouse-Free Marion\" \/>\n<meta property=\"article:modified_time\" content=\"2024-03-02T13:13:17+00:00\" \/>\n<meta property=\"og:image\" content=\"https:\/\/mousefreemarion.org\/wp-content\/uploads\/2022\/03\/Photo-by-Otto-Whitehead.jpg\" \/>\n\t<meta property=\"og:image:width\" content=\"1824\" \/>\n\t<meta property=\"og:image:height\" content=\"1631\" \/>\n\t<meta property=\"og:image:type\" content=\"image\/jpeg\" \/>\n<meta name=\"twitter:card\" content=\"summary_large_image\" \/>\n<meta name=\"twitter:label1\" content=\"Gesch\u00e4tzte Lesezeit\" \/>\n\t<meta name=\"twitter:data1\" content=\"1\u00a0Minute\" \/>\n<script type=\"application\/ld+json\" class=\"yoast-schema-graph\">{\"@context\":\"https:\/\/schema.org\",\"@graph\":[{\"@type\":\"WebPage\",\"@id\":\"https:\/\/mousefreemarion.org\/de\/produkt\/spende-einen-betrag\/\",\"url\":\"https:\/\/mousefreemarion.org\/de\/produkt\/spende-einen-betrag\/\",\"name\":\"Spenden Sie einen beliebigen Betrag - Mouse-Free Marion\",\"isPartOf\":{\"@id\":\"https:\/\/mousefreemarion.org\/de\/#website\"},\"primaryImageOfPage\":{\"@id\":\"https:\/\/mousefreemarion.org\/de\/produkt\/spende-einen-betrag\/#primaryimage\"},\"image\":{\"@id\":\"https:\/\/mousefreemarion.org\/de\/produkt\/spende-einen-betrag\/#primaryimage\"},\"thumbnailUrl\":\"https:\/\/mousefreemarion.org\/wp-content\/uploads\/2022\/03\/Photo-by-Otto-Whitehead.jpg\",\"datePublished\":\"2022-03-01T06:21:25+00:00\",\"dateModified\":\"2024-03-02T13:13:17+00:00\",\"description\":\"Marion Island wird die gr\u00f6\u00dfte Insel sein, auf der die M\u00e4use erfolgreich ausgerottet wurden. Werden Sie Teil der Geschichte und \u00fcbernehmen Sie die Patenschaft f\u00fcr einen (oder mehrere) Hektar dieses wundersch\u00f6nen ozeanischen Kleinods.\",\"breadcrumb\":{\"@id\":\"https:\/\/mousefreemarion.org\/de\/produkt\/spende-einen-betrag\/#breadcrumb\"},\"inLanguage\":\"de\",\"potentialAction\":[{\"@type\":\"ReadAction\",\"target\":[\"https:\/\/mousefreemarion.org\/de\/produkt\/spende-einen-betrag\/\"]}]},{\"@type\":\"ImageObject\",\"inLanguage\":\"de\",\"@id\":\"https:\/\/mousefreemarion.org\/de\/produkt\/spende-einen-betrag\/#primaryimage\",\"url\":\"https:\/\/mousefreemarion.org\/wp-content\/uploads\/2022\/03\/Photo-by-Otto-Whitehead.jpg\",\"contentUrl\":\"https:\/\/mousefreemarion.org\/wp-content\/uploads\/2022\/03\/Photo-by-Otto-Whitehead.jpg\",\"width\":1824,\"height\":1631},{\"@type\":\"BreadcrumbList\",\"@id\":\"https:\/\/mousefreemarion.org\/de\/produkt\/spende-einen-betrag\/#breadcrumb\",\"itemListElement\":[{\"@type\":\"ListItem\",\"position\":1,\"name\":\"Home\",\"item\":\"https:\/\/mousefreemarion.org\/de\/kampagne-zur-erhaltung-der-natur\/\"},{\"@type\":\"ListItem\",\"position\":2,\"name\":\"F\u00f6rderer\",\"item\":\"https:\/\/mousefreemarion.org\/de\/foerderer\/\"},{\"@type\":\"ListItem\",\"position\":3,\"name\":\"Spenden Sie einen beliebigen Betrag\"}]},{\"@type\":\"WebSite\",\"@id\":\"https:\/\/mousefreemarion.org\/de\/#website\",\"url\":\"https:\/\/mousefreemarion.org\/de\/\",\"name\":\"Mouse-Free Marion\",\"description\":\"Mouse-Free Marion\",\"potentialAction\":[{\"@type\":\"SearchAction\",\"target\":{\"@type\":\"EntryPoint\",\"urlTemplate\":\"https:\/\/mousefreemarion.org\/de\/?s={search_term_string}\"},\"query-input\":{\"@type\":\"PropertyValueSpecification\",\"valueRequired\":true,\"valueName\":\"search_term_string\"}}],\"inLanguage\":\"de\"}]}<\/script>\n<!-- \/ Yoast SEO plugin. -->","yoast_head_json":{"title":"Spenden Sie einen beliebigen Betrag - Mouse-Free Marion","description":"Marion Island wird die gr\u00f6\u00dfte Insel sein, auf der die M\u00e4use erfolgreich ausgerottet wurden. Werden Sie Teil der Geschichte und \u00fcbernehmen Sie die Patenschaft f\u00fcr einen (oder mehrere) Hektar dieses wundersch\u00f6nen ozeanischen Kleinods.","robots":{"index":"index","follow":"follow","max-snippet":"max-snippet:-1","max-image-preview":"max-image-preview:large","max-video-preview":"max-video-preview:-1"},"canonical":"https:\/\/mousefreemarion.org\/de\/produkt\/spende-einen-betrag\/","og_locale":"de_DE","og_type":"article","og_title":"Spenden Sie einen beliebigen Betrag - Mouse-Free Marion","og_description":"Marion Island wird die gr\u00f6\u00dfte Insel sein, auf der die M\u00e4use erfolgreich ausgerottet wurden. Werden Sie Teil der Geschichte und \u00fcbernehmen Sie die Patenschaft f\u00fcr einen (oder mehrere) Hektar dieses wundersch\u00f6nen ozeanischen Kleinods.","og_url":"https:\/\/mousefreemarion.org\/de\/produkt\/spende-einen-betrag\/","og_site_name":"Mouse-Free Marion","article_modified_time":"2024-03-02T13:13:17+00:00","og_image":[{"width":1824,"height":1631,"url":"https:\/\/mousefreemarion.org\/wp-content\/uploads\/2022\/03\/Photo-by-Otto-Whitehead.jpg","type":"image\/jpeg"}],"twitter_card":"summary_large_image","twitter_misc":{"Gesch\u00e4tzte Lesezeit":"1\u00a0Minute"},"schema":{"@context":"https:\/\/schema.org","@graph":[{"@type":"WebPage","@id":"https:\/\/mousefreemarion.org\/de\/produkt\/spende-einen-betrag\/","url":"https:\/\/mousefreemarion.org\/de\/produkt\/spende-einen-betrag\/","name":"Spenden Sie einen beliebigen Betrag - Mouse-Free Marion","isPartOf":{"@id":"https:\/\/mousefreemarion.org\/de\/#website"},"primaryImageOfPage":{"@id":"https:\/\/mousefreemarion.org\/de\/produkt\/spende-einen-betrag\/#primaryimage"},"image":{"@id":"https:\/\/mousefreemarion.org\/de\/produkt\/spende-einen-betrag\/#primaryimage"},"thumbnailUrl":"https:\/\/mousefreemarion.org\/wp-content\/uploads\/2022\/03\/Photo-by-Otto-Whitehead.jpg","datePublished":"2022-03-01T06:21:25+00:00","dateModified":"2024-03-02T13:13:17+00:00","description":"Marion Island wird die gr\u00f6\u00dfte Insel sein, auf der die M\u00e4use erfolgreich ausgerottet wurden. Werden Sie Teil der Geschichte und \u00fcbernehmen Sie die Patenschaft f\u00fcr einen (oder mehrere) Hektar dieses wundersch\u00f6nen ozeanischen Kleinods.","breadcrumb":{"@id":"https:\/\/mousefreemarion.org\/de\/produkt\/spende-einen-betrag\/#breadcrumb"},"inLanguage":"de","potentialAction":[{"@type":"ReadAction","target":["https:\/\/mousefreemarion.org\/de\/produkt\/spende-einen-betrag\/"]}]},{"@type":"ImageObject","inLanguage":"de","@id":"https:\/\/mousefreemarion.org\/de\/produkt\/spende-einen-betrag\/#primaryimage","url":"https:\/\/mousefreemarion.org\/wp-content\/uploads\/2022\/03\/Photo-by-Otto-Whitehead.jpg","contentUrl":"https:\/\/mousefreemarion.org\/wp-content\/uploads\/2022\/03\/Photo-by-Otto-Whitehead.jpg","width":1824,"height":1631},{"@type":"BreadcrumbList","@id":"https:\/\/mousefreemarion.org\/de\/produkt\/spende-einen-betrag\/#breadcrumb","itemListElement":[{"@type":"ListItem","position":1,"name":"Home","item":"https:\/\/mousefreemarion.org\/de\/kampagne-zur-erhaltung-der-natur\/"},{"@type":"ListItem","position":2,"name":"F\u00f6rderer","item":"https:\/\/mousefreemarion.org\/de\/foerderer\/"},{"@type":"ListItem","position":3,"name":"Spenden Sie einen beliebigen Betrag"}]},{"@type":"WebSite","@id":"https:\/\/mousefreemarion.org\/de\/#website","url":"https:\/\/mousefreemarion.org\/de\/","name":"Mouse-Free Marion","description":"Mouse-Free Marion","potentialAction":[{"@type":"SearchAction","target":{"@type":"EntryPoint","urlTemplate":"https:\/\/mousefreemarion.org\/de\/?s={search_term_string}"},"query-input":{"@type":"PropertyValueSpecification","valueRequired":true,"valueName":"search_term_string"}}],"inLanguage":"de"}]}},"_links":{"self":[{"href":"https:\/\/mousefreemarion.org\/de\/wp-json\/wp\/v2\/product\/13464","targetHints":{"allow":["GET"]}}],"collection":[{"href":"https:\/\/mousefreemarion.org\/de\/wp-json\/wp\/v2\/product"}],"about":[{"href":"https:\/\/mousefreemarion.org\/de\/wp-json\/wp\/v2\/types\/product"}],"wp:featuredmedia":[{"embeddable":true,"href":"https:\/\/mousefreemarion.org\/de\/wp-json\/wp\/v2\/media\/9666"}],"wp:attachment":[{"href":"https:\/\/mousefreemarion.org\/de\/wp-json\/wp\/v2\/media?parent=13464"}],"wp:term":[{"taxonomy":"product_brand","embeddable":true,"href":"https:\/\/mousefreemarion.org\/de\/wp-json\/wp\/v2\/product_brand?post=13464"},{"taxonomy":"product_cat","embeddable":true,"href":"https:\/\/mousefreemarion.org\/de\/wp-json\/wp\/v2\/product_cat?post=13464"},{"taxonomy":"product_tag","embeddable":true,"href":"https:\/\/mousefreemarion.org\/de\/wp-json\/wp\/v2\/product_tag?post=13464"}],"curies":[{"name":"wp","href":"https:\/\/api.w.org\/{rel}","templated":true}]}}