{"id":10336,"date":"2022-01-09T19:02:41","date_gmt":"2022-01-09T19:02:41","guid":{"rendered":"https:\/\/mousefreemarion.org\/junta-de-la-empresa-sin-animo-de-lucro-mfm\/"},"modified":"2023-07-21T11:36:37","modified_gmt":"2023-07-21T11:36:37","slug":"junta-de-la-empresa-sin-animo-de-lucro-mfm","status":"publish","type":"page","link":"https:\/\/mousefreemarion.org\/es\/junta-de-la-empresa-sin-animo-de-lucro-mfm\/","title":{"rendered":"Junta de la empresa sin \u00e1nimo de lucro MFM"},"content":{"rendered":"<p><div class=\"fusion-fullwidth fullwidth-box fusion-builder-row-1 nonhundred-percent-fullwidth non-hundred-percent-height-scrolling\" style=\"--awb-border-radius-top-left:0px;--awb-border-radius-top-right:0px;--awb-border-radius-bottom-right:0px;--awb-border-radius-bottom-left:0px;--awb-flex-wrap:wrap;\" ><div class=\"fusion-builder-row fusion-row\"><div class=\"fusion-layout-column fusion_builder_column fusion-builder-column-0 fusion_builder_column_1_1 1_1 fusion-one-full fusion-column-first fusion-column-last\" style=\"--awb-bg-size:cover;\"><div class=\"fusion-column-wrapper fusion-column-has-shadow fusion-flex-column-wrapper-legacy\"><div class=\"fusion-sep-clear\"><\/div><div class=\"fusion-separator fusion-full-width-sep\" style=\"margin-left: auto;margin-right: auto;margin-top:80px;margin-bottom:50px;width:100%;\"><\/div><div class=\"fusion-sep-clear\"><\/div><div class=\"fusion-clearfix\"><\/div><\/div><\/div><\/div><\/div><div class=\"fusion-fullwidth fullwidth-box fusion-builder-row-2 nonhundred-percent-fullwidth non-hundred-percent-height-scrolling\" style=\"--awb-border-radius-top-left:0px;--awb-border-radius-top-right:0px;--awb-border-radius-bottom-right:0px;--awb-border-radius-bottom-left:0px;--awb-margin-top:10px;--awb-margin-bottom:10px;--awb-flex-wrap:wrap;\" ><div class=\"fusion-builder-row fusion-row\"><div class=\"fusion-layout-column fusion_builder_column fusion-builder-column-1 fusion_builder_column_3_4 3_4 fusion-three-fourth fusion-column-first\" style=\"--awb-bg-size:cover;width:75%;width:calc(75% - ( ( 4% ) * 0.75 ) );margin-right: 4%;\"><div class=\"fusion-column-wrapper fusion-column-has-shadow fusion-flex-column-wrapper-legacy\"><div class=\"fusion-text fusion-text-1\" style=\"--awb-font-size:30px;\"><p data-fontsize=\"60\" data-lineheight=\"78\"><strong><span style=\"color: #333333;\">Junta de la empresa sin \u00e1nimo de lucro MFM<\/span><\/strong><\/p>\n<\/div><div class=\"fusion-sep-clear\"><\/div><div class=\"fusion-separator fusion-clearfix\" style=\"float:left;margin-top:5px;margin-bottom:5px;width:100%;max-width:100px;\"><div class=\"fusion-separator-border sep-single sep-solid\" style=\"--awb-height:20px;--awb-amount:20px;--awb-sep-color:#92c4d5;border-color:#92c4d5;border-top-width:3px;\"><\/div><\/div><div class=\"fusion-sep-clear\"><\/div><div class=\"fusion-text fusion-text-2\"><p>La MFM Non-Profit Company (MFM NPC) es un veh\u00edculo de prop\u00f3sito especial que ha sido creado por BirdLife Sud\u00e1frica para ejecutar sus responsabilidades bajo el Memorando de Entendimiento con DFFE, facilitando as\u00ed la implementaci\u00f3n del proyecto. El Consejo de Administraci\u00f3n est\u00e1 formado por personas con gran experiencia en el \u00e1mbito de las organizaciones sin \u00e1nimo de lucro, los programas medioambientales y las empresas. El Dr. Mavuso Msimang es el Presidente del Consejo. El Dr. Guy Preston es el vicepresidente.<\/p>\n<h4>Miembros de MFM NPC<strong>:<\/strong><\/h4>\n<p><a href=\"https:\/\/mousefreemarion.org\/es\/presentacion-del-dr-mavuso-msimang-presidente-de-la-sociedad-sin-animo-de-lucro-marion-sin-ratones\/\"><br \/>\n  <strong>Dr. Mavuso Msimang <\/strong><br \/>\n<\/a>&#8211; <strong> Presidente <\/strong><br \/>\n<strong>Dr. Guy Preston &#8211; <\/strong>Vicepresidente<br \/>\n<strong>Sr. Philip Calinikos &#8211; <\/strong>Tesorero, miembro del Consejo de Administraci\u00f3n<br \/>\n<a href=\"https:\/\/mousefreemarion.org\/es\/presentacion-de-mark-anderson-presidente-del-comite-de-gestion-de-mfm\/\"><br \/>\n  <strong>Sr. Mark D Anderson <\/strong><br \/>\n<\/a>&#8211; Miembro <strong> del Consejo de Administraci\u00f3n <\/strong><br \/>\n<strong>Embajador Nosipho Jezile<\/strong> &#8211; Miembro del Consejo de Administraci\u00f3n<br \/>\n<strong>Sr. Nic Kohler<\/strong> &#8211; Miembro del Consejo<br \/>\n<strong>Sra. Manuela Krog &#8211; <\/strong>Miembro del Consejo de Administraci\u00f3n<br \/>\n<strong>Sr. Trevor Manuel<\/strong> &#8211; Miembro del Consejo de Administraci\u00f3n<br \/>\n<strong>Dr. Frederik Paulsen &#8211; <\/strong>Miembro del Consejo de Administraci\u00f3n<be><br \/>\n<strong>Sra. Yvonne Pennington &#8211; <\/strong>Miembro del Consejo de Administraci\u00f3n  <br \/>\n<strong>Dr. Paul Dalmeyer &#8211; <\/strong>Miembro suplente del Consejo de Administraci\u00f3n del Dr. Paulsen<br \/>\n<strong><a href=\"https:\/\/mousefreemarion.org\/es\/presentamos-a-andrew-callender-nuevo-miembro-del-comite-de-gestion-de-marion-sin-ratones\/\" target=\"_blank\" rel=\"noopener\">Sr. Andrew Callender<\/a> <\/strong>&#8211; Asesor <br \/>\n<strong>Sr. Fanie du Plessis &#8211; <\/strong>Asesor<br \/>\n<a href=\"https:\/\/mousefreemarion.org\/es\/presentacion-del-dr-alistair-mcinnes-director-del-programa-de-conservacion-de-aves-marinas-de-birdlife-sudafrica\/\"><br \/>\n  <strong>Dr. Alistair McInnes <\/strong><br \/>\n<\/a>&#8211; <strong> Asesor <\/strong><br \/>\n<strong><a href=\"https:\/\/mousefreemarion.org\/es\/presentacion-del-profesor-peter-ryan-presidente-del-grupo-asesor-cientifico-y-tecnico-del-proyecto-marion-sin-ratones\/\" target=\"_blank\" rel=\"noopener\">Prof. Peter Ryan<\/a> <\/strong>&#8211; Asesor <br \/>\n<a href=\"https:\/\/mousefreemarion.org\/es\/keith-springer-un-incondicional-de-la-isla-de-macquarie-es-nombrado-director-de-operaciones-de-mouse-free-marion\/\"><br \/>\n  <strong>Sr. Keith Springer <\/strong><br \/>\n<\/a>&#8211; Director de Operaciones <strong> de MFM <\/strong>(miembro nato)<br \/>\n<a href=\"https:\/\/mousefreemarion.org\/es\/presentacion-del-dr-anton-wolfaardt-director-del-proyecto-marion-sin-ratones\/\"><br \/>\n  <strong>Dr. Anton Wolfaardt<\/strong><br \/>\n<\/a> &#8211; Director del proyecto <strong> MFM <\/strong>(miembro de oficio)<\/be><\/p>\n<\/div><div class=\"fusion-sep-clear\"><\/div><div class=\"fusion-separator fusion-clearfix\" style=\"float:left;margin-top:5px;margin-bottom:5px;width:100%;max-width:100px;\"><div class=\"fusion-separator-border sep-single sep-solid\" style=\"--awb-height:20px;--awb-amount:20px;--awb-sep-color:#92c4d5;border-color:#92c4d5;border-top-width:3px;\"><\/div><\/div><div class=\"fusion-sep-clear\"><\/div><div class=\"fusion-clearfix\"><\/div><\/div><\/div><div class=\"fusion-layout-column fusion_builder_column fusion-builder-column-2 fusion_builder_column_1_4 1_4 fusion-one-fourth fusion-column-last\" style=\"--awb-bg-size:cover;width:25%;width:calc(25% - ( ( 4% ) * 0.25 ) );\"><div class=\"fusion-column-wrapper fusion-column-has-shadow fusion-flex-column-wrapper-legacy\"><script src=\"https:\/\/apps.elfsight.com\/p\/platform.js\" defer><\/script>\n<div class=\"elfsight-app-be4791f9-e77d-407e-b5a1-4742e7726949\"><\/div>\n<div class=\"fusion-clearfix\"><\/div><\/div><\/div><\/div><\/div><div class=\"fusion-fullwidth fullwidth-box fusion-builder-row-3 nonhundred-percent-fullwidth non-hundred-percent-height-scrolling\" style=\"--awb-border-radius-top-left:0px;--awb-border-radius-top-right:0px;--awb-border-radius-bottom-right:0px;--awb-border-radius-bottom-left:0px;--awb-flex-wrap:wrap;\" ><div class=\"fusion-builder-row fusion-row\"><div class=\"fusion-layout-column fusion_builder_column fusion-builder-column-3 fusion_builder_column_2_3 2_3 fusion-two-third fusion-column-first\" style=\"--awb-bg-size:cover;width:66.666666666667%;width:calc(66.666666666667% - ( ( 4% + 4% ) * 0.66666666666667 ) );margin-right: 4%;\"><div class=\"fusion-column-wrapper fusion-column-has-shadow fusion-flex-column-wrapper-legacy\"><div class=\"fusion-image-element in-legacy-container\" style=\"--awb-caption-title-font-family:var(--h2_typography-font-family);--awb-caption-title-font-weight:var(--h2_typography-font-weight);--awb-caption-title-font-style:var(--h2_typography-font-style);--awb-caption-title-size:var(--h2_typography-font-size);--awb-caption-title-transform:var(--h2_typography-text-transform);--awb-caption-title-line-height:var(--h2_typography-line-height);--awb-caption-title-letter-spacing:var(--h2_typography-letter-spacing);\"><span class=\" fusion-imageframe imageframe-none imageframe-1 hover-type-none\"><img decoding=\"async\" width=\"800\" height=\"183\" title=\"Logos-BL-DFFE\" src=\"https:\/\/mousefreemarion.org\/wp-content\/uploads\/2021\/03\/Logos-BL-DFFE.jpg\" alt class=\"img-responsive wp-image-8963\" srcset=\"https:\/\/mousefreemarion.org\/wp-content\/uploads\/2021\/03\/Logos-BL-DFFE-200x46.jpg 200w, https:\/\/mousefreemarion.org\/wp-content\/uploads\/2021\/03\/Logos-BL-DFFE-400x92.jpg 400w, https:\/\/mousefreemarion.org\/wp-content\/uploads\/2021\/03\/Logos-BL-DFFE-600x137.jpg 600w, https:\/\/mousefreemarion.org\/wp-content\/uploads\/2021\/03\/Logos-BL-DFFE.jpg 800w\" sizes=\"(max-width: 800px) 100vw, 800px\" \/><\/span><\/div><div class=\"fusion-clearfix\"><\/div><\/div><\/div><div class=\"fusion-layout-column fusion_builder_column fusion-builder-column-4 fusion_builder_column_1_6 1_6 fusion-one-sixth\" style=\"--awb-bg-size:cover;width:16.666666666667%;width:calc(16.666666666667% - ( ( 4% + 4% ) * 0.16666666666667 ) );margin-right: 4%;\"><div class=\"fusion-column-wrapper fusion-column-has-shadow fusion-flex-column-wrapper-legacy\"><div class=\"fusion-clearfix\"><\/div><\/div><\/div><div class=\"fusion-layout-column fusion_builder_column fusion-builder-column-5 fusion_builder_column_1_6 1_6 fusion-one-sixth fusion-column-last\" style=\"--awb-bg-size:cover;width:16.666666666667%;width:calc(16.666666666667% - ( ( 4% + 4% ) * 0.16666666666667 ) );\"><div class=\"fusion-column-wrapper fusion-column-has-shadow fusion-flex-column-wrapper-legacy\"><div class=\"fusion-clearfix\"><\/div><\/div><\/div><\/div><\/div><\/p>\n","protected":false},"excerpt":{"rendered":"","protected":false},"author":1,"featured_media":0,"parent":0,"menu_order":0,"comment_status":"closed","ping_status":"closed","template":"100-width.php","meta":{"footnotes":""},"class_list":["post-10336","page","type-page","status-publish","hentry"],"yoast_head":"<!-- This site is optimized with the Yoast SEO plugin v27.2 - https:\/\/yoast.com\/product\/yoast-seo-wordpress\/ -->\n<title>Junta de la empresa sin \u00e1nimo de lucro MFM - Mouse-Free Marion<\/title>\n<meta name=\"robots\" content=\"index, follow, max-snippet:-1, max-image-preview:large, max-video-preview:-1\" \/>\n<link rel=\"canonical\" href=\"https:\/\/mousefreemarion.org\/es\/junta-de-la-empresa-sin-animo-de-lucro-mfm\/\" \/>\n<meta property=\"og:locale\" content=\"es_ES\" \/>\n<meta property=\"og:type\" content=\"article\" \/>\n<meta property=\"og:title\" content=\"Junta de la empresa sin \u00e1nimo de lucro MFM - Mouse-Free Marion\" \/>\n<meta property=\"og:url\" content=\"https:\/\/mousefreemarion.org\/es\/junta-de-la-empresa-sin-animo-de-lucro-mfm\/\" \/>\n<meta property=\"og:site_name\" content=\"Mouse-Free Marion\" \/>\n<meta property=\"article:modified_time\" content=\"2023-07-21T11:36:37+00:00\" \/>\n<meta name=\"twitter:card\" content=\"summary_large_image\" \/>\n<meta name=\"twitter:label1\" content=\"Tiempo de lectura\" \/>\n\t<meta name=\"twitter:data1\" content=\"8 minutos\" \/>\n<script type=\"application\/ld+json\" class=\"yoast-schema-graph\">{\"@context\":\"https:\/\/schema.org\",\"@graph\":[{\"@type\":\"WebPage\",\"@id\":\"https:\/\/mousefreemarion.org\/es\/junta-de-la-empresa-sin-animo-de-lucro-mfm\/\",\"url\":\"https:\/\/mousefreemarion.org\/es\/junta-de-la-empresa-sin-animo-de-lucro-mfm\/\",\"name\":\"Junta de la empresa sin \u00e1nimo de lucro MFM - Mouse-Free Marion\",\"isPartOf\":{\"@id\":\"https:\/\/mousefreemarion.org\/es\/#website\"},\"datePublished\":\"2022-01-09T19:02:41+00:00\",\"dateModified\":\"2023-07-21T11:36:37+00:00\",\"breadcrumb\":{\"@id\":\"https:\/\/mousefreemarion.org\/es\/junta-de-la-empresa-sin-animo-de-lucro-mfm\/#breadcrumb\"},\"inLanguage\":\"es\",\"potentialAction\":[{\"@type\":\"ReadAction\",\"target\":[\"https:\/\/mousefreemarion.org\/es\/junta-de-la-empresa-sin-animo-de-lucro-mfm\/\"]}]},{\"@type\":\"BreadcrumbList\",\"@id\":\"https:\/\/mousefreemarion.org\/es\/junta-de-la-empresa-sin-animo-de-lucro-mfm\/#breadcrumb\",\"itemListElement\":[{\"@type\":\"ListItem\",\"position\":1,\"name\":\"Home\",\"item\":\"https:\/\/mousefreemarion.org\/es\/campana-de-conservacion\/\"},{\"@type\":\"ListItem\",\"position\":2,\"name\":\"Junta de la empresa sin \u00e1nimo de lucro MFM\"}]},{\"@type\":\"WebSite\",\"@id\":\"https:\/\/mousefreemarion.org\/es\/#website\",\"url\":\"https:\/\/mousefreemarion.org\/es\/\",\"name\":\"Mouse-Free Marion\",\"description\":\"Mouse-Free Marion\",\"potentialAction\":[{\"@type\":\"SearchAction\",\"target\":{\"@type\":\"EntryPoint\",\"urlTemplate\":\"https:\/\/mousefreemarion.org\/es\/?s={search_term_string}\"},\"query-input\":{\"@type\":\"PropertyValueSpecification\",\"valueRequired\":true,\"valueName\":\"search_term_string\"}}],\"inLanguage\":\"es\"}]}<\/script>\n<!-- \/ Yoast SEO plugin. -->","yoast_head_json":{"title":"Junta de la empresa sin \u00e1nimo de lucro MFM - Mouse-Free Marion","robots":{"index":"index","follow":"follow","max-snippet":"max-snippet:-1","max-image-preview":"max-image-preview:large","max-video-preview":"max-video-preview:-1"},"canonical":"https:\/\/mousefreemarion.org\/es\/junta-de-la-empresa-sin-animo-de-lucro-mfm\/","og_locale":"es_ES","og_type":"article","og_title":"Junta de la empresa sin \u00e1nimo de lucro MFM - Mouse-Free Marion","og_url":"https:\/\/mousefreemarion.org\/es\/junta-de-la-empresa-sin-animo-de-lucro-mfm\/","og_site_name":"Mouse-Free Marion","article_modified_time":"2023-07-21T11:36:37+00:00","twitter_card":"summary_large_image","twitter_misc":{"Tiempo de lectura":"8 minutos"},"schema":{"@context":"https:\/\/schema.org","@graph":[{"@type":"WebPage","@id":"https:\/\/mousefreemarion.org\/es\/junta-de-la-empresa-sin-animo-de-lucro-mfm\/","url":"https:\/\/mousefreemarion.org\/es\/junta-de-la-empresa-sin-animo-de-lucro-mfm\/","name":"Junta de la empresa sin \u00e1nimo de lucro MFM - Mouse-Free Marion","isPartOf":{"@id":"https:\/\/mousefreemarion.org\/es\/#website"},"datePublished":"2022-01-09T19:02:41+00:00","dateModified":"2023-07-21T11:36:37+00:00","breadcrumb":{"@id":"https:\/\/mousefreemarion.org\/es\/junta-de-la-empresa-sin-animo-de-lucro-mfm\/#breadcrumb"},"inLanguage":"es","potentialAction":[{"@type":"ReadAction","target":["https:\/\/mousefreemarion.org\/es\/junta-de-la-empresa-sin-animo-de-lucro-mfm\/"]}]},{"@type":"BreadcrumbList","@id":"https:\/\/mousefreemarion.org\/es\/junta-de-la-empresa-sin-animo-de-lucro-mfm\/#breadcrumb","itemListElement":[{"@type":"ListItem","position":1,"name":"Home","item":"https:\/\/mousefreemarion.org\/es\/campana-de-conservacion\/"},{"@type":"ListItem","position":2,"name":"Junta de la empresa sin \u00e1nimo de lucro MFM"}]},{"@type":"WebSite","@id":"https:\/\/mousefreemarion.org\/es\/#website","url":"https:\/\/mousefreemarion.org\/es\/","name":"Mouse-Free Marion","description":"Mouse-Free Marion","potentialAction":[{"@type":"SearchAction","target":{"@type":"EntryPoint","urlTemplate":"https:\/\/mousefreemarion.org\/es\/?s={search_term_string}"},"query-input":{"@type":"PropertyValueSpecification","valueRequired":true,"valueName":"search_term_string"}}],"inLanguage":"es"}]}},"_links":{"self":[{"href":"https:\/\/mousefreemarion.org\/es\/wp-json\/wp\/v2\/pages\/10336","targetHints":{"allow":["GET"]}}],"collection":[{"href":"https:\/\/mousefreemarion.org\/es\/wp-json\/wp\/v2\/pages"}],"about":[{"href":"https:\/\/mousefreemarion.org\/es\/wp-json\/wp\/v2\/types\/page"}],"author":[{"embeddable":true,"href":"https:\/\/mousefreemarion.org\/es\/wp-json\/wp\/v2\/users\/1"}],"replies":[{"embeddable":true,"href":"https:\/\/mousefreemarion.org\/es\/wp-json\/wp\/v2\/comments?post=10336"}],"version-history":[{"count":2,"href":"https:\/\/mousefreemarion.org\/es\/wp-json\/wp\/v2\/pages\/10336\/revisions"}],"predecessor-version":[{"id":15093,"href":"https:\/\/mousefreemarion.org\/es\/wp-json\/wp\/v2\/pages\/10336\/revisions\/15093"}],"wp:attachment":[{"href":"https:\/\/mousefreemarion.org\/es\/wp-json\/wp\/v2\/media?parent=10336"}],"curies":[{"name":"wp","href":"https:\/\/api.w.org\/{rel}","templated":true}]}}