{"id":16683,"date":"2023-08-18T08:32:35","date_gmt":"2023-08-18T08:32:35","guid":{"rendered":"https:\/\/mousefreemarion.org\/comite-de-comunicaciones-del-proyecto-mfm\/"},"modified":"2024-02-22T15:57:54","modified_gmt":"2024-02-22T15:57:54","slug":"comite-de-comunicaciones-del-proyecto-mfm","status":"publish","type":"page","link":"https:\/\/mousefreemarion.org\/es\/comite-de-comunicaciones-del-proyecto-mfm\/","title":{"rendered":"Comit\u00e9 de Comunicaciones del Proyecto MFM"},"content":{"rendered":"<p><div class=\"fusion-fullwidth fullwidth-box fusion-builder-row-1 nonhundred-percent-fullwidth non-hundred-percent-height-scrolling\" style=\"--awb-border-radius-top-left:0px;--awb-border-radius-top-right:0px;--awb-border-radius-bottom-right:0px;--awb-border-radius-bottom-left:0px;--awb-flex-wrap:wrap;\" ><div class=\"fusion-builder-row fusion-row\"><div class=\"fusion-layout-column fusion_builder_column fusion-builder-column-0 fusion_builder_column_1_1 1_1 fusion-one-full fusion-column-first fusion-column-last\" style=\"--awb-bg-size:cover;\"><div class=\"fusion-column-wrapper fusion-column-has-shadow fusion-flex-column-wrapper-legacy\"><div class=\"fusion-sep-clear\"><\/div><div class=\"fusion-separator fusion-full-width-sep\" style=\"margin-left: auto;margin-right: auto;margin-top:80px;margin-bottom:80px;width:100%;\"><\/div><div class=\"fusion-sep-clear\"><\/div><div class=\"fusion-clearfix\"><\/div><\/div><\/div><\/div><\/div><div class=\"fusion-fullwidth fullwidth-box fusion-builder-row-2 nonhundred-percent-fullwidth non-hundred-percent-height-scrolling\" style=\"--awb-border-radius-top-left:0px;--awb-border-radius-top-right:0px;--awb-border-radius-bottom-right:0px;--awb-border-radius-bottom-left:0px;--awb-margin-top:10px;--awb-margin-bottom:10px;--awb-flex-wrap:wrap;\" ><div class=\"fusion-builder-row fusion-row\"><div class=\"fusion-layout-column fusion_builder_column fusion-builder-column-1 fusion_builder_column_1_1 1_1 fusion-one-full fusion-column-first fusion-column-last\" style=\"--awb-bg-size:cover;\"><div class=\"fusion-column-wrapper fusion-column-has-shadow fusion-flex-column-wrapper-legacy\"><div class=\"fusion-text fusion-text-1\" style=\"--awb-font-size:30px;\"><p data-fontsize=\"60\" data-lineheight=\"78\"><span style=\"color: #333333;\"><strong>Comit\u00e9 de Comunicaciones del Proyecto MFM<\/strong><\/span><\/p>\n<\/div><div class=\"fusion-sep-clear\"><\/div><div class=\"fusion-separator fusion-clearfix\" style=\"float:left;margin-top:5px;margin-bottom:5px;width:100%;max-width:100px;\"><div class=\"fusion-separator-border sep-single sep-solid\" style=\"--awb-height:20px;--awb-amount:20px;--awb-sep-color:#92c4d5;border-color:#92c4d5;border-top-width:3px;\"><\/div><\/div><div class=\"fusion-sep-clear\"><\/div><div class=\"fusion-clearfix\"><\/div><\/div><\/div><div class=\"fusion-layout-column fusion_builder_column fusion-builder-column-2 fusion_builder_column_3_4 3_4 fusion-three-fourth fusion-column-first\" style=\"--awb-bg-size:cover;width:75%;width:calc(75% - ( ( 4% ) * 0.75 ) );margin-right: 4%;\"><div class=\"fusion-column-wrapper fusion-column-has-shadow fusion-flex-column-wrapper-legacy\"><div class=\"fusion-text fusion-text-2\" style=\"--awb-text-color:#141414;\"><p>El Comit\u00e9 de Comunicaciones del Proyecto MFM se cre\u00f3 para apoyar la planificaci\u00f3n y ejecuci\u00f3n de las actividades de comunicaci\u00f3n del Proyecto MFM. El comit\u00e9 debate peri\u00f3dicamente los resultados, actos y campa\u00f1as previstos, al tiempo que vela por que todas las comunicaciones sean estrat\u00e9gicas y promuevan el Proyecto MFM. El comit\u00e9 est\u00e1 presidido por el Dr. Anton Wolfaardt, Director del Proyecto MFM.<\/p>\n<h4 class=\"\" style=\"--fontsize: 20; line-height: 1.5; --minfontsize: 20;\" data-fontsize=\"20\" data-lineheight=\"30px\"><strong>Miembros del Comit\u00e9 de Comunicaciones del Proyecto MFM<\/strong><\/h4>\n<p><a href=\"https:\/\/mousefreemarion.org\/es\/presentacion-de-mark-anderson-presidente-del-comite-de-gestion-de-mfm\/\"><br \/>\n  <strong>Sr. Mark D Anderson<\/strong><br \/>\n<\/a> <em>(BirdLife Sud\u00e1frica y MFM NPC)<\/em><br \/>\n<a href=\"https:\/\/mousefreemarion.org\/es\/presentamos-a-robyn-adams-responsable-de-comunicacion-y-asistente-del-proyecto-raton-y-marte\/\" target=\"_blank\" rel=\"noopener\"><br \/>\n  <span style=\"color: #333333;\"><br \/>\n    <strong style=\"color: #2f576f;\">Sra. Robyn Adams<\/strong><br \/>\n  <\/span><br \/>\n<\/a><em>(Oficial de Comunicaciones del Proyecto MFM y Asistente del Proyecto<\/em>)<br \/>\n<span style=\"color: #333333;\"><strong><a href=\"https:\/\/mousefreemarion.org\/es\/presentamos-a-john-cooper-que-ha-apadrinado-31-hectareas-para-el-proyecto-marion-sin-ratones-una-por-cada-una-de-sus-visitas-a-la-isla\/\" target=\"_blank\" rel=\"noopener noreferrer\">Sr. John Cooper<\/a><\/strong> <\/span><em>(Corresponsal de noticias de MFM<\/em>)<br \/>\n<strong><br \/>\n  <a href=\"https:\/\/mousefreemarion.org\/es\/presentamos-a-tarryn-havemann-recien-nombrada-responsable-de-desarrollo-del-proyecto-raton-marion\/\" target=\"_blank\" rel=\"noopener noreferrer\">Sra. Tarryn Havemann<\/a><br \/>\n<\/strong><i>(Responsable de Desarrollo de MFM<\/i>)<br \/>\n<span style=\"color: #333333;\"><strong>Sra. Carol Jacobs<\/strong> <\/span><em>(Programas medioambientales-DFFE<\/em>)<br \/>\n<strong>Mr Zolile Nqayi<\/strong><i>(Director Communications &#8211; DFFE)<\/i><br \/>\n<span style=\"color: #333333;\"><strong>Dr. Guy Preston<\/strong> <\/span><em>(MFM NPC, asesor de BirdLife Sud\u00e1frica<\/em>)<br \/>\n<strong><br \/>\n  <a href=\"https:\/\/mousefreemarion.org\/es\/sue-tonin-subdirectora-de-proyectos-de-mouse-free-marion-se-incorpora-al-equipo-este-mes\/\">Dra. Sue Tonin <\/a><br \/>\n<\/strong><i>(Subdirectora del proyecto MFM)<\/i><br \/>\n<a href=\"https:\/\/mousefreemarion.org\/es\/presentacion-del-dr-anton-wolfaardt-director-del-proyecto-marion-sin-ratones\/\"><br \/>\n  <strong>Dr. Anton Wolfaardt<\/strong><br \/>\n<\/a><em>(Director del proyecto MFM<\/em>)<\/p>\n<\/div><div class=\"fusion-sep-clear\"><\/div><div class=\"fusion-separator fusion-clearfix\" style=\"float:left;margin-top:5px;margin-bottom:5px;width:100%;max-width:100px;\"><div class=\"fusion-separator-border sep-single sep-solid\" style=\"--awb-height:20px;--awb-amount:20px;--awb-sep-color:#92c4d5;border-color:#92c4d5;border-top-width:3px;\"><\/div><\/div><div class=\"fusion-sep-clear\"><\/div><div class=\"fusion-clearfix\"><\/div><\/div><\/div><div class=\"fusion-layout-column fusion_builder_column fusion-builder-column-3 fusion_builder_column_1_4 1_4 fusion-one-fourth fusion-column-last\" style=\"--awb-bg-size:cover;width:25%;width:calc(25% - ( ( 4% ) * 0.25 ) );\"><div class=\"fusion-column-wrapper fusion-column-has-shadow fusion-flex-column-wrapper-legacy\"><script src=\"https:\/\/apps.elfsight.com\/p\/platform.js\" defer><\/script>\n<div class=\"elfsight-app-be4791f9-e77d-407e-b5a1-4742e7726949\"><\/div><div class=\"fusion-clearfix\"><\/div><\/div><\/div><\/div><\/div><div class=\"fusion-fullwidth fullwidth-box fusion-builder-row-3 nonhundred-percent-fullwidth non-hundred-percent-height-scrolling\" style=\"--awb-border-radius-top-left:0px;--awb-border-radius-top-right:0px;--awb-border-radius-bottom-right:0px;--awb-border-radius-bottom-left:0px;--awb-flex-wrap:wrap;\" ><div class=\"fusion-builder-row fusion-row\"><div class=\"fusion-layout-column fusion_builder_column fusion-builder-column-4 fusion_builder_column_2_3 2_3 fusion-two-third fusion-column-first\" style=\"--awb-bg-size:cover;width:66.666666666667%;width:calc(66.666666666667% - ( ( 4% + 4% ) * 0.66666666666667 ) );margin-right: 4%;\"><div class=\"fusion-column-wrapper fusion-column-has-shadow fusion-flex-column-wrapper-legacy\"><div class=\"fusion-image-element in-legacy-container\" style=\"--awb-caption-title-font-family:var(--h2_typography-font-family);--awb-caption-title-font-weight:var(--h2_typography-font-weight);--awb-caption-title-font-style:var(--h2_typography-font-style);--awb-caption-title-size:var(--h2_typography-font-size);--awb-caption-title-transform:var(--h2_typography-text-transform);--awb-caption-title-line-height:var(--h2_typography-line-height);--awb-caption-title-letter-spacing:var(--h2_typography-letter-spacing);\"><span class=\" fusion-imageframe imageframe-none imageframe-1 hover-type-none\"><img decoding=\"async\" width=\"800\" height=\"183\" title=\"Logos-BL-DFFE\" src=\"https:\/\/mousefreemarion.org\/wp-content\/uploads\/2021\/03\/Logos-BL-DFFE.jpg\" alt class=\"img-responsive wp-image-8963\" srcset=\"https:\/\/mousefreemarion.org\/wp-content\/uploads\/2021\/03\/Logos-BL-DFFE-200x46.jpg 200w, https:\/\/mousefreemarion.org\/wp-content\/uploads\/2021\/03\/Logos-BL-DFFE-400x92.jpg 400w, https:\/\/mousefreemarion.org\/wp-content\/uploads\/2021\/03\/Logos-BL-DFFE-600x137.jpg 600w, https:\/\/mousefreemarion.org\/wp-content\/uploads\/2021\/03\/Logos-BL-DFFE.jpg 800w\" sizes=\"(max-width: 800px) 100vw, 800px\" \/><\/span><\/div><div class=\"fusion-clearfix\"><\/div><\/div><\/div><div class=\"fusion-layout-column fusion_builder_column fusion-builder-column-5 fusion_builder_column_1_6 1_6 fusion-one-sixth\" style=\"--awb-bg-size:cover;width:16.666666666667%;width:calc(16.666666666667% - ( ( 4% + 4% ) * 0.16666666666667 ) );margin-right: 4%;\"><div class=\"fusion-column-wrapper fusion-column-has-shadow fusion-flex-column-wrapper-legacy\"><div class=\"fusion-clearfix\"><\/div><\/div><\/div><div class=\"fusion-layout-column fusion_builder_column fusion-builder-column-6 fusion_builder_column_1_6 1_6 fusion-one-sixth fusion-column-last\" style=\"--awb-bg-size:cover;width:16.666666666667%;width:calc(16.666666666667% - ( ( 4% + 4% ) * 0.16666666666667 ) );\"><div class=\"fusion-column-wrapper fusion-column-has-shadow fusion-flex-column-wrapper-legacy\"><div class=\"fusion-clearfix\"><\/div><\/div><\/div><\/div><\/div><\/p>\n","protected":false},"excerpt":{"rendered":"","protected":false},"author":7,"featured_media":0,"parent":0,"menu_order":0,"comment_status":"closed","ping_status":"closed","template":"100-width.php","meta":{"footnotes":""},"class_list":["post-16683","page","type-page","status-publish","hentry"],"yoast_head":"<!-- This site is optimized with the Yoast SEO plugin v27.2 - https:\/\/yoast.com\/product\/yoast-seo-wordpress\/ -->\n<title>Comit\u00e9 de Comunicaciones del Proyecto MFM - Mouse-Free Marion<\/title>\n<meta name=\"robots\" content=\"index, follow, max-snippet:-1, max-image-preview:large, max-video-preview:-1\" \/>\n<link rel=\"canonical\" href=\"https:\/\/mousefreemarion.org\/es\/comite-de-comunicaciones-del-proyecto-mfm\/\" \/>\n<meta property=\"og:locale\" content=\"es_ES\" \/>\n<meta property=\"og:type\" content=\"article\" \/>\n<meta property=\"og:title\" content=\"Comit\u00e9 de Comunicaciones del Proyecto MFM - Mouse-Free Marion\" \/>\n<meta property=\"og:url\" content=\"https:\/\/mousefreemarion.org\/es\/comite-de-comunicaciones-del-proyecto-mfm\/\" \/>\n<meta property=\"og:site_name\" content=\"Mouse-Free Marion\" \/>\n<meta property=\"article:modified_time\" content=\"2024-02-22T15:57:54+00:00\" \/>\n<meta name=\"twitter:card\" content=\"summary_large_image\" \/>\n<meta name=\"twitter:label1\" content=\"Tiempo de lectura\" \/>\n\t<meta name=\"twitter:data1\" content=\"9 minutos\" \/>\n<script type=\"application\/ld+json\" class=\"yoast-schema-graph\">{\"@context\":\"https:\/\/schema.org\",\"@graph\":[{\"@type\":\"WebPage\",\"@id\":\"https:\/\/mousefreemarion.org\/es\/comite-de-comunicaciones-del-proyecto-mfm\/\",\"url\":\"https:\/\/mousefreemarion.org\/es\/comite-de-comunicaciones-del-proyecto-mfm\/\",\"name\":\"Comit\u00e9 de Comunicaciones del Proyecto MFM - Mouse-Free Marion\",\"isPartOf\":{\"@id\":\"https:\/\/mousefreemarion.org\/es\/#website\"},\"datePublished\":\"2023-08-18T08:32:35+00:00\",\"dateModified\":\"2024-02-22T15:57:54+00:00\",\"breadcrumb\":{\"@id\":\"https:\/\/mousefreemarion.org\/es\/comite-de-comunicaciones-del-proyecto-mfm\/#breadcrumb\"},\"inLanguage\":\"es\",\"potentialAction\":[{\"@type\":\"ReadAction\",\"target\":[\"https:\/\/mousefreemarion.org\/es\/comite-de-comunicaciones-del-proyecto-mfm\/\"]}]},{\"@type\":\"BreadcrumbList\",\"@id\":\"https:\/\/mousefreemarion.org\/es\/comite-de-comunicaciones-del-proyecto-mfm\/#breadcrumb\",\"itemListElement\":[{\"@type\":\"ListItem\",\"position\":1,\"name\":\"Home\",\"item\":\"https:\/\/mousefreemarion.org\/es\/campana-de-conservacion\/\"},{\"@type\":\"ListItem\",\"position\":2,\"name\":\"Comit\u00e9 de Comunicaciones del Proyecto MFM\"}]},{\"@type\":\"WebSite\",\"@id\":\"https:\/\/mousefreemarion.org\/es\/#website\",\"url\":\"https:\/\/mousefreemarion.org\/es\/\",\"name\":\"Mouse-Free Marion\",\"description\":\"Mouse-Free Marion\",\"potentialAction\":[{\"@type\":\"SearchAction\",\"target\":{\"@type\":\"EntryPoint\",\"urlTemplate\":\"https:\/\/mousefreemarion.org\/es\/?s={search_term_string}\"},\"query-input\":{\"@type\":\"PropertyValueSpecification\",\"valueRequired\":true,\"valueName\":\"search_term_string\"}}],\"inLanguage\":\"es\"}]}<\/script>\n<!-- \/ Yoast SEO plugin. -->","yoast_head_json":{"title":"Comit\u00e9 de Comunicaciones del Proyecto MFM - Mouse-Free Marion","robots":{"index":"index","follow":"follow","max-snippet":"max-snippet:-1","max-image-preview":"max-image-preview:large","max-video-preview":"max-video-preview:-1"},"canonical":"https:\/\/mousefreemarion.org\/es\/comite-de-comunicaciones-del-proyecto-mfm\/","og_locale":"es_ES","og_type":"article","og_title":"Comit\u00e9 de Comunicaciones del Proyecto MFM - Mouse-Free Marion","og_url":"https:\/\/mousefreemarion.org\/es\/comite-de-comunicaciones-del-proyecto-mfm\/","og_site_name":"Mouse-Free Marion","article_modified_time":"2024-02-22T15:57:54+00:00","twitter_card":"summary_large_image","twitter_misc":{"Tiempo de lectura":"9 minutos"},"schema":{"@context":"https:\/\/schema.org","@graph":[{"@type":"WebPage","@id":"https:\/\/mousefreemarion.org\/es\/comite-de-comunicaciones-del-proyecto-mfm\/","url":"https:\/\/mousefreemarion.org\/es\/comite-de-comunicaciones-del-proyecto-mfm\/","name":"Comit\u00e9 de Comunicaciones del Proyecto MFM - Mouse-Free Marion","isPartOf":{"@id":"https:\/\/mousefreemarion.org\/es\/#website"},"datePublished":"2023-08-18T08:32:35+00:00","dateModified":"2024-02-22T15:57:54+00:00","breadcrumb":{"@id":"https:\/\/mousefreemarion.org\/es\/comite-de-comunicaciones-del-proyecto-mfm\/#breadcrumb"},"inLanguage":"es","potentialAction":[{"@type":"ReadAction","target":["https:\/\/mousefreemarion.org\/es\/comite-de-comunicaciones-del-proyecto-mfm\/"]}]},{"@type":"BreadcrumbList","@id":"https:\/\/mousefreemarion.org\/es\/comite-de-comunicaciones-del-proyecto-mfm\/#breadcrumb","itemListElement":[{"@type":"ListItem","position":1,"name":"Home","item":"https:\/\/mousefreemarion.org\/es\/campana-de-conservacion\/"},{"@type":"ListItem","position":2,"name":"Comit\u00e9 de Comunicaciones del Proyecto MFM"}]},{"@type":"WebSite","@id":"https:\/\/mousefreemarion.org\/es\/#website","url":"https:\/\/mousefreemarion.org\/es\/","name":"Mouse-Free Marion","description":"Mouse-Free Marion","potentialAction":[{"@type":"SearchAction","target":{"@type":"EntryPoint","urlTemplate":"https:\/\/mousefreemarion.org\/es\/?s={search_term_string}"},"query-input":{"@type":"PropertyValueSpecification","valueRequired":true,"valueName":"search_term_string"}}],"inLanguage":"es"}]}},"_links":{"self":[{"href":"https:\/\/mousefreemarion.org\/es\/wp-json\/wp\/v2\/pages\/16683","targetHints":{"allow":["GET"]}}],"collection":[{"href":"https:\/\/mousefreemarion.org\/es\/wp-json\/wp\/v2\/pages"}],"about":[{"href":"https:\/\/mousefreemarion.org\/es\/wp-json\/wp\/v2\/types\/page"}],"author":[{"embeddable":true,"href":"https:\/\/mousefreemarion.org\/es\/wp-json\/wp\/v2\/users\/7"}],"replies":[{"embeddable":true,"href":"https:\/\/mousefreemarion.org\/es\/wp-json\/wp\/v2\/comments?post=16683"}],"version-history":[{"count":2,"href":"https:\/\/mousefreemarion.org\/es\/wp-json\/wp\/v2\/pages\/16683\/revisions"}],"predecessor-version":[{"id":18744,"href":"https:\/\/mousefreemarion.org\/es\/wp-json\/wp\/v2\/pages\/16683\/revisions\/18744"}],"wp:attachment":[{"href":"https:\/\/mousefreemarion.org\/es\/wp-json\/wp\/v2\/media?parent=16683"}],"curies":[{"name":"wp","href":"https:\/\/api.w.org\/{rel}","templated":true}]}}