{"id":10655,"date":"2019-11-23T22:03:52","date_gmt":"2019-11-23T22:03:52","guid":{"rendered":"https:\/\/mousefreemarion.org\/product\/hectarea-de-la-isla-de-marion\/"},"modified":"2024-04-28T17:07:01","modified_gmt":"2024-04-28T17:07:01","slug":"marion-island-hectare70-2","status":"publish","type":"product","link":"https:\/\/mousefreemarion.org\/es\/producto\/marion-island-hectare70-2\/","title":{"rendered":"Hect\u00e1rea de la isla de Marion"},"content":{"rendered":"<h3>US $100<\/h3>\n<p>La isla de Marion ser\u00e1 la mayor isla de la que se han erradicado con \u00e9xito los ratones. Forme parte de la historia y apadrine una (o m\u00e1s) hect\u00e1reas de esta hermosa joya oce\u00e1nica.<\/p>\n<hr>\n<p>\u00bfEs usted contribuyente y residente en Estados Unidos? Si es as\u00ed, su donaci\u00f3n ser\u00e1 procesada por American Friends of BirdLife International, Inc. y recibir\u00e1 un recibo fiscal 501(c)(3).<\/p>\n","protected":false},"excerpt":{"rendered":"<h3>US $100<\/h3>\n<p>La isla de Marion ser\u00e1 la mayor isla de la que se han erradicado con \u00e9xito los ratones. Forme parte de la historia y apadrine una (o m\u00e1s) hect\u00e1reas de esta hermosa joya oce\u00e1nica.<\/p>\n<hr>\n<p>\u00bfEs usted contribuyente y residente en Estados Unidos? Si es as\u00ed, su donaci\u00f3n ser\u00e1 procesada por American Friends of BirdLife International, Inc. y recibir\u00e1 un recibo fiscal 501(c)(3).<\/p>\n","protected":false},"featured_media":9368,"template":"","meta":[],"product_brand":[],"product_cat":[50],"product_tag":[],"class_list":{"0":"post-10655","1":"product","2":"type-product","3":"status-publish","4":"has-post-thumbnail","6":"product_cat-patrocinadores-estadounidenses-e-internacionales","8":"first","9":"instock","10":"virtual","11":"purchasable","12":"product-type-simple"},"yoast_head":"<!-- This site is optimized with the Yoast SEO plugin v27.2 - https:\/\/yoast.com\/product\/yoast-seo-wordpress\/ -->\n<title>Hect\u00e1rea de la isla de Marion - Mouse-Free Marion<\/title>\n<meta name=\"description\" content=\"Marion Island ser\u00e1 la mayor isla en la que se haya logrado erradicar los ratones. Forme parte de la historia y apadrine una (o m\u00e1s) hect\u00e1reas de esta hermosa joya oce\u00e1nica.\" \/>\n<meta name=\"robots\" content=\"index, follow, max-snippet:-1, max-image-preview:large, max-video-preview:-1\" \/>\n<link rel=\"canonical\" href=\"https:\/\/mousefreemarion.org\/es\/producto\/marion-island-hectare70-2\/\" \/>\n<meta property=\"og:locale\" content=\"es_ES\" \/>\n<meta property=\"og:type\" content=\"article\" \/>\n<meta property=\"og:title\" content=\"Hect\u00e1rea de la isla de Marion - Mouse-Free Marion\" \/>\n<meta property=\"og:description\" content=\"Marion Island ser\u00e1 la mayor isla en la que se haya logrado erradicar los ratones. Forme parte de la historia y apadrine una (o m\u00e1s) hect\u00e1reas de esta hermosa joya oce\u00e1nica.\" \/>\n<meta property=\"og:url\" content=\"https:\/\/mousefreemarion.org\/es\/producto\/marion-island-hectare70-2\/\" \/>\n<meta property=\"og:site_name\" content=\"Mouse-Free Marion\" \/>\n<meta property=\"article:modified_time\" content=\"2024-04-28T17:07:01+00:00\" \/>\n<meta property=\"og:image\" content=\"https:\/\/mousefreemarion.org\/wp-content\/uploads\/2021\/10\/MarionIsland_map_24.png\" \/>\n\t<meta property=\"og:image:width\" content=\"800\" \/>\n\t<meta property=\"og:image:height\" content=\"560\" \/>\n\t<meta property=\"og:image:type\" content=\"image\/png\" \/>\n<meta name=\"twitter:card\" content=\"summary_large_image\" \/>\n<script type=\"application\/ld+json\" class=\"yoast-schema-graph\">{\"@context\":\"https:\/\/schema.org\",\"@graph\":[{\"@type\":\"WebPage\",\"@id\":\"https:\/\/mousefreemarion.org\/es\/producto\/marion-island-hectare70-2\/\",\"url\":\"https:\/\/mousefreemarion.org\/es\/producto\/marion-island-hectare70-2\/\",\"name\":\"Hect\u00e1rea de la isla de Marion - Mouse-Free Marion\",\"isPartOf\":{\"@id\":\"https:\/\/mousefreemarion.org\/es\/#website\"},\"primaryImageOfPage\":{\"@id\":\"https:\/\/mousefreemarion.org\/es\/producto\/marion-island-hectare70-2\/#primaryimage\"},\"image\":{\"@id\":\"https:\/\/mousefreemarion.org\/es\/producto\/marion-island-hectare70-2\/#primaryimage\"},\"thumbnailUrl\":\"https:\/\/mousefreemarion.org\/wp-content\/uploads\/2021\/10\/MarionIsland_map_24.png\",\"datePublished\":\"2019-11-23T22:03:52+00:00\",\"dateModified\":\"2024-04-28T17:07:01+00:00\",\"description\":\"Marion Island ser\u00e1 la mayor isla en la que se haya logrado erradicar los ratones. Forme parte de la historia y apadrine una (o m\u00e1s) hect\u00e1reas de esta hermosa joya oce\u00e1nica.\",\"breadcrumb\":{\"@id\":\"https:\/\/mousefreemarion.org\/es\/producto\/marion-island-hectare70-2\/#breadcrumb\"},\"inLanguage\":\"es\",\"potentialAction\":[{\"@type\":\"ReadAction\",\"target\":[\"https:\/\/mousefreemarion.org\/es\/producto\/marion-island-hectare70-2\/\"]}]},{\"@type\":\"ImageObject\",\"inLanguage\":\"es\",\"@id\":\"https:\/\/mousefreemarion.org\/es\/producto\/marion-island-hectare70-2\/#primaryimage\",\"url\":\"https:\/\/mousefreemarion.org\/wp-content\/uploads\/2021\/10\/MarionIsland_map_24.png\",\"contentUrl\":\"https:\/\/mousefreemarion.org\/wp-content\/uploads\/2021\/10\/MarionIsland_map_24.png\",\"width\":800,\"height\":560},{\"@type\":\"BreadcrumbList\",\"@id\":\"https:\/\/mousefreemarion.org\/es\/producto\/marion-island-hectare70-2\/#breadcrumb\",\"itemListElement\":[{\"@type\":\"ListItem\",\"position\":1,\"name\":\"Home\",\"item\":\"https:\/\/mousefreemarion.org\/es\/campana-de-conservacion\/\"},{\"@type\":\"ListItem\",\"position\":2,\"name\":\"Patrocinador\",\"item\":\"https:\/\/mousefreemarion.org\/es\/patrocinador\/\"},{\"@type\":\"ListItem\",\"position\":3,\"name\":\"Hect\u00e1rea de la isla de Marion\"}]},{\"@type\":\"WebSite\",\"@id\":\"https:\/\/mousefreemarion.org\/es\/#website\",\"url\":\"https:\/\/mousefreemarion.org\/es\/\",\"name\":\"Mouse-Free Marion\",\"description\":\"Mouse-Free Marion\",\"potentialAction\":[{\"@type\":\"SearchAction\",\"target\":{\"@type\":\"EntryPoint\",\"urlTemplate\":\"https:\/\/mousefreemarion.org\/es\/?s={search_term_string}\"},\"query-input\":{\"@type\":\"PropertyValueSpecification\",\"valueRequired\":true,\"valueName\":\"search_term_string\"}}],\"inLanguage\":\"es\"}]}<\/script>\n<!-- \/ Yoast SEO plugin. -->","yoast_head_json":{"title":"Hect\u00e1rea de la isla de Marion - Mouse-Free Marion","description":"Marion Island ser\u00e1 la mayor isla en la que se haya logrado erradicar los ratones. Forme parte de la historia y apadrine una (o m\u00e1s) hect\u00e1reas de esta hermosa joya oce\u00e1nica.","robots":{"index":"index","follow":"follow","max-snippet":"max-snippet:-1","max-image-preview":"max-image-preview:large","max-video-preview":"max-video-preview:-1"},"canonical":"https:\/\/mousefreemarion.org\/es\/producto\/marion-island-hectare70-2\/","og_locale":"es_ES","og_type":"article","og_title":"Hect\u00e1rea de la isla de Marion - Mouse-Free Marion","og_description":"Marion Island ser\u00e1 la mayor isla en la que se haya logrado erradicar los ratones. Forme parte de la historia y apadrine una (o m\u00e1s) hect\u00e1reas de esta hermosa joya oce\u00e1nica.","og_url":"https:\/\/mousefreemarion.org\/es\/producto\/marion-island-hectare70-2\/","og_site_name":"Mouse-Free Marion","article_modified_time":"2024-04-28T17:07:01+00:00","og_image":[{"width":800,"height":560,"url":"https:\/\/mousefreemarion.org\/wp-content\/uploads\/2021\/10\/MarionIsland_map_24.png","type":"image\/png"}],"twitter_card":"summary_large_image","schema":{"@context":"https:\/\/schema.org","@graph":[{"@type":"WebPage","@id":"https:\/\/mousefreemarion.org\/es\/producto\/marion-island-hectare70-2\/","url":"https:\/\/mousefreemarion.org\/es\/producto\/marion-island-hectare70-2\/","name":"Hect\u00e1rea de la isla de Marion - Mouse-Free Marion","isPartOf":{"@id":"https:\/\/mousefreemarion.org\/es\/#website"},"primaryImageOfPage":{"@id":"https:\/\/mousefreemarion.org\/es\/producto\/marion-island-hectare70-2\/#primaryimage"},"image":{"@id":"https:\/\/mousefreemarion.org\/es\/producto\/marion-island-hectare70-2\/#primaryimage"},"thumbnailUrl":"https:\/\/mousefreemarion.org\/wp-content\/uploads\/2021\/10\/MarionIsland_map_24.png","datePublished":"2019-11-23T22:03:52+00:00","dateModified":"2024-04-28T17:07:01+00:00","description":"Marion Island ser\u00e1 la mayor isla en la que se haya logrado erradicar los ratones. Forme parte de la historia y apadrine una (o m\u00e1s) hect\u00e1reas de esta hermosa joya oce\u00e1nica.","breadcrumb":{"@id":"https:\/\/mousefreemarion.org\/es\/producto\/marion-island-hectare70-2\/#breadcrumb"},"inLanguage":"es","potentialAction":[{"@type":"ReadAction","target":["https:\/\/mousefreemarion.org\/es\/producto\/marion-island-hectare70-2\/"]}]},{"@type":"ImageObject","inLanguage":"es","@id":"https:\/\/mousefreemarion.org\/es\/producto\/marion-island-hectare70-2\/#primaryimage","url":"https:\/\/mousefreemarion.org\/wp-content\/uploads\/2021\/10\/MarionIsland_map_24.png","contentUrl":"https:\/\/mousefreemarion.org\/wp-content\/uploads\/2021\/10\/MarionIsland_map_24.png","width":800,"height":560},{"@type":"BreadcrumbList","@id":"https:\/\/mousefreemarion.org\/es\/producto\/marion-island-hectare70-2\/#breadcrumb","itemListElement":[{"@type":"ListItem","position":1,"name":"Home","item":"https:\/\/mousefreemarion.org\/es\/campana-de-conservacion\/"},{"@type":"ListItem","position":2,"name":"Patrocinador","item":"https:\/\/mousefreemarion.org\/es\/patrocinador\/"},{"@type":"ListItem","position":3,"name":"Hect\u00e1rea de la isla de Marion"}]},{"@type":"WebSite","@id":"https:\/\/mousefreemarion.org\/es\/#website","url":"https:\/\/mousefreemarion.org\/es\/","name":"Mouse-Free Marion","description":"Mouse-Free Marion","potentialAction":[{"@type":"SearchAction","target":{"@type":"EntryPoint","urlTemplate":"https:\/\/mousefreemarion.org\/es\/?s={search_term_string}"},"query-input":{"@type":"PropertyValueSpecification","valueRequired":true,"valueName":"search_term_string"}}],"inLanguage":"es"}]}},"_links":{"self":[{"href":"https:\/\/mousefreemarion.org\/es\/wp-json\/wp\/v2\/product\/10655","targetHints":{"allow":["GET"]}}],"collection":[{"href":"https:\/\/mousefreemarion.org\/es\/wp-json\/wp\/v2\/product"}],"about":[{"href":"https:\/\/mousefreemarion.org\/es\/wp-json\/wp\/v2\/types\/product"}],"wp:featuredmedia":[{"embeddable":true,"href":"https:\/\/mousefreemarion.org\/es\/wp-json\/wp\/v2\/media\/9368"}],"wp:attachment":[{"href":"https:\/\/mousefreemarion.org\/es\/wp-json\/wp\/v2\/media?parent=10655"}],"wp:term":[{"taxonomy":"product_brand","embeddable":true,"href":"https:\/\/mousefreemarion.org\/es\/wp-json\/wp\/v2\/product_brand?post=10655"},{"taxonomy":"product_cat","embeddable":true,"href":"https:\/\/mousefreemarion.org\/es\/wp-json\/wp\/v2\/product_cat?post=10655"},{"taxonomy":"product_tag","embeddable":true,"href":"https:\/\/mousefreemarion.org\/es\/wp-json\/wp\/v2\/product_tag?post=10655"}],"curies":[{"name":"wp","href":"https:\/\/api.w.org\/{rel}","templated":true}]}}