{"id":13330,"date":"2022-03-01T07:46:03","date_gmt":"2022-03-01T07:46:03","guid":{"rendered":"https:\/\/mousefreemarion.org\/product\/done-cualquier-cantidad\/"},"modified":"2024-05-05T13:44:47","modified_gmt":"2024-05-05T13:44:47","slug":"donar-un-importe-para-nosotros","status":"publish","type":"product","link":"https:\/\/mousefreemarion.org\/es\/producto\/donar-un-importe-para-nosotros\/","title":{"rendered":"Done cualquier cantidad"},"content":{"rendered":"<p><span style=\"color: #333333;\"><strong>Haga una donaci\u00f3n en l\u00ednea hoy mismo a Marion Libre de Ratones para librar a la isla de Marion de los ratones y restaurar este h\u00e1bitat cr\u00edtico para las aves marinas.<\/strong><\/span><\/p>\n<p><span style=\"color: #333333;\"><strong>Regalos con tarjeta de cr\u00e9dito:<\/strong><\/span><br \/>\nEn EE.UU., se pueden hacer donaciones a Marion Libre de Ratones a trav\u00e9s de nuestro patrocinador fiscal estadounidense 501c3, Friends of BirdLife International. H\u00e1ganos saber que ha hecho un donativo enviando su recibo por correo electr\u00f3nico a info@mousefreemarion.org.<\/p>\n<p><span style=\"color: #333333;\"><strong>Regalos por cheque:<\/strong><\/span><br \/>\nLas donaciones por cheque pueden hacerse utilizando<a href=\"https:\/\/mousefreemarion.org\/wp-content\/uploads\/2022\/03\/Donation_form__MFM-Project_FBLI_2023-1.pdf\" target=\"_blank\" rel=\"noopener\"><br \/>\n  <strong> el formulario que se encuentra aqu\u00ed.<\/strong><br \/>\n<\/a><\/p>\n<p><span style=\"color: #333333;\"><strong>Donaciones con cargo al Fondo de Donantes (EE.UU.)<\/strong><\/span><br \/>\nEn EE.UU., muchos de nuestros donantes apoyan el proyecto Marion sin ratones a trav\u00e9s de su Fondo de Donantes. Para apoyarnos a trav\u00e9s de su DAF, p\u00f3ngase en contacto con su asesor en la organizaci\u00f3n patrocinadora de su DAF. Los patrocinadores del DAF deben extender los cheques a nombre del proyecto \u00abMarion sin ratones\u00bb de Friends of BirdLife International. El n\u00famero de identificaci\u00f3n fiscal de Friends of BirdLife International es 30-0265343. Para m\u00e1s informaci\u00f3n, y para hacernos saber que puede anticipar una donaci\u00f3n a trav\u00e9s de su DAF, p\u00f3ngase en contacto con nuestra oficina de filantrop\u00eda en <strong><br \/>\n  <a href=\"mailto:tarryn.havemann@mousefreemarion.org\" target=\"_blank\" rel=\"noopener\">tarryn.havemann@mousefreemarion.org<\/a><br \/>\n<\/strong><\/p>\n<p><span style=\"color: #333333;\"><strong>Donaci\u00f3n de valores mobiliarios<\/strong><\/span><br \/>\nPara instrucciones sobre transferencias o para donar acciones o valores apreciados, ponte en contacto con <strong><br \/>\n  <a href=\"mailto:tarryn.havemann@mousefreemarion.org\" target=\"_blank\" rel=\"noopener\">tarryn.havemann@mousefreemarion.org<\/a><br \/>\n<\/strong><\/p>\n<p><span style=\"color: #333333;\"><strong>Empresas interesadas en apoyar el proyecto Marion sin ratones<\/strong><\/span><br \/>\nEnv\u00ede un correo electr\u00f3nico a <strong><br \/>\n  <a href=\"mailto:tarryn.havemann@mousefreemarion.org\" target=\"_blank\" rel=\"noopener\">tarryn.havemann@mousefreemarion.org<\/a><br \/>\n<\/strong> para m\u00e1s informaci\u00f3n.<\/p>\n<p><span style=\"color: #2f576f;\"><strong>Introduzca una cantidad a continuaci\u00f3n (en d\u00f3lares estadounidenses) para donar<\/strong><\/span><\/p>\n","protected":false},"excerpt":{"rendered":"<p><span style=\"color: #333333;\"><strong>Haga una donaci\u00f3n en l\u00ednea hoy mismo a Marion Libre de Ratones para librar a la isla de Marion de los ratones y restaurar este h\u00e1bitat cr\u00edtico para las aves marinas.<\/strong><\/span><\/p>\n<p><span style=\"color: #333333;\"><strong>Regalos con tarjeta de cr\u00e9dito:<\/strong><\/span><br \/>\nEn EE.UU., se pueden hacer donaciones a Marion Libre de Ratones a trav\u00e9s de nuestro patrocinador fiscal estadounidense 501c3, Friends of BirdLife International. H\u00e1ganos saber que ha hecho un donativo enviando su recibo por correo electr\u00f3nico a info@mousefreemarion.org.<\/p>\n<p><span style=\"color: #333333;\"><strong>Regalos por cheque:<\/strong><\/span><br \/>\nLas donaciones por cheque pueden hacerse utilizando<strong> <a href=\"https:\/\/mousefreemarion.org\/wp-content\/uploads\/2022\/03\/Donation_form__MFM-Project_FBLI_2023-1.pdf\" target=\"_blank\" rel=\"noopener\">el formulario que se encuentra aqu\u00ed.<\/a><\/strong><\/p>\n<p><span style=\"color: #333333;\"><strong>Donaciones con cargo al Fondo de Donantes (EE.UU.)<\/strong><\/span><br \/>\nEn EE.UU., muchos de nuestros donantes apoyan el proyecto Marion sin ratones a trav\u00e9s de su Fondo de Donantes. Para apoyarnos a trav\u00e9s de su DAF, p\u00f3ngase en contacto con su asesor en la organizaci\u00f3n patrocinadora de su DAF. Los patrocinadores del DAF deben extender los cheques a nombre del proyecto \u00abMarion sin ratones\u00bb de Friends of BirdLife International. El n\u00famero de identificaci\u00f3n fiscal de Friends of BirdLife International es 30-0265343. Para m\u00e1s informaci\u00f3n, y para hacernos saber que puede anticipar una donaci\u00f3n a trav\u00e9s de su DAF, p\u00f3ngase en contacto con nuestra oficina de filantrop\u00eda en <strong><br \/>\n  <a href=\"mailto:tarryn.havemann@mousefreemarion.org\" target=\"_blank\" rel=\"noopener\">tarryn.havemann@mousefreemarion.org<\/a><br \/>\n<\/strong><\/p>\n<p><span style=\"color: #333333;\"><strong>Donaci\u00f3n de valores mobiliarios<\/strong><\/span><br \/>\nPara instrucciones sobre transferencias o para donar acciones o valores apreciados, ponte en contacto con <strong><br \/>\n  <a href=\"mailto:tarryn.havemann@mousefreemarion.org\" target=\"_blank\" rel=\"noopener\">tarryn.havemann@mousefreemarion.org<\/a><br \/>\n<\/strong><\/p>\n<p><span style=\"color: #333333;\"><strong>Empresas interesadas en apoyar el proyecto Marion sin ratones<\/strong><\/span><br \/>\nEnv\u00ede un correo electr\u00f3nico a <strong><br \/>\n  <a href=\"mailto:tarryn.havemann@mousefreemarion.org\" target=\"_blank\" rel=\"noopener\">tarryn.havemann@mousefreemarion.org<\/a><br \/>\n<\/strong> para m\u00e1s informaci\u00f3n.<\/p>\n<p><span style=\"color: #2f576f;\"><strong>Introduzca una cantidad a continuaci\u00f3n (en d\u00f3lares estadounidenses) para donar<\/strong><\/span><\/p>\n","protected":false},"featured_media":9668,"template":"","meta":[],"product_brand":[],"product_cat":[50],"product_tag":[],"class_list":{"0":"post-13330","1":"product","2":"type-product","3":"status-publish","4":"has-post-thumbnail","6":"product_cat-patrocinadores-estadounidenses-e-internacionales","8":"first","9":"instock","10":"virtual","11":"purchasable","12":"product-type-simple"},"yoast_head":"<!-- This site is optimized with the Yoast SEO plugin v27.2 - https:\/\/yoast.com\/product\/yoast-seo-wordpress\/ -->\n<title>Done cualquier cantidad - Mouse-Free Marion<\/title>\n<meta name=\"description\" content=\"Marion Island ser\u00e1 la mayor isla en la que se haya logrado erradicar los ratones. Forme parte de la historia y apadrine una (o m\u00e1s) hect\u00e1reas de esta hermosa joya oce\u00e1nica.\" \/>\n<meta name=\"robots\" content=\"index, follow, max-snippet:-1, max-image-preview:large, max-video-preview:-1\" \/>\n<link rel=\"canonical\" href=\"https:\/\/mousefreemarion.org\/es\/producto\/donar-un-importe-para-nosotros\/\" \/>\n<meta property=\"og:locale\" content=\"es_ES\" \/>\n<meta property=\"og:type\" content=\"article\" \/>\n<meta property=\"og:title\" content=\"Done cualquier cantidad - Mouse-Free Marion\" \/>\n<meta property=\"og:description\" content=\"Marion Island ser\u00e1 la mayor isla en la que se haya logrado erradicar los ratones. Forme parte de la historia y apadrine una (o m\u00e1s) hect\u00e1reas de esta hermosa joya oce\u00e1nica.\" \/>\n<meta property=\"og:url\" content=\"https:\/\/mousefreemarion.org\/es\/producto\/donar-un-importe-para-nosotros\/\" \/>\n<meta property=\"og:site_name\" content=\"Mouse-Free Marion\" \/>\n<meta property=\"article:modified_time\" content=\"2024-05-05T13:44:47+00:00\" \/>\n<meta property=\"og:image\" content=\"https:\/\/mousefreemarion.org\/wp-content\/uploads\/2022\/03\/Photo-by-Otto-Whitehead.jpg\" \/>\n\t<meta property=\"og:image:width\" content=\"1824\" \/>\n\t<meta property=\"og:image:height\" content=\"1631\" \/>\n\t<meta property=\"og:image:type\" content=\"image\/jpeg\" \/>\n<meta name=\"twitter:card\" content=\"summary_large_image\" \/>\n<meta name=\"twitter:label1\" content=\"Tiempo de lectura\" \/>\n\t<meta name=\"twitter:data1\" content=\"1 minuto\" \/>\n<script type=\"application\/ld+json\" class=\"yoast-schema-graph\">{\"@context\":\"https:\/\/schema.org\",\"@graph\":[{\"@type\":\"WebPage\",\"@id\":\"https:\/\/mousefreemarion.org\/es\/producto\/donar-un-importe-para-nosotros\/\",\"url\":\"https:\/\/mousefreemarion.org\/es\/producto\/donar-un-importe-para-nosotros\/\",\"name\":\"Done cualquier cantidad - Mouse-Free Marion\",\"isPartOf\":{\"@id\":\"https:\/\/mousefreemarion.org\/es\/#website\"},\"primaryImageOfPage\":{\"@id\":\"https:\/\/mousefreemarion.org\/es\/producto\/donar-un-importe-para-nosotros\/#primaryimage\"},\"image\":{\"@id\":\"https:\/\/mousefreemarion.org\/es\/producto\/donar-un-importe-para-nosotros\/#primaryimage\"},\"thumbnailUrl\":\"https:\/\/mousefreemarion.org\/wp-content\/uploads\/2022\/03\/Photo-by-Otto-Whitehead.jpg\",\"datePublished\":\"2022-03-01T07:46:03+00:00\",\"dateModified\":\"2024-05-05T13:44:47+00:00\",\"description\":\"Marion Island ser\u00e1 la mayor isla en la que se haya logrado erradicar los ratones. Forme parte de la historia y apadrine una (o m\u00e1s) hect\u00e1reas de esta hermosa joya oce\u00e1nica.\",\"breadcrumb\":{\"@id\":\"https:\/\/mousefreemarion.org\/es\/producto\/donar-un-importe-para-nosotros\/#breadcrumb\"},\"inLanguage\":\"es\",\"potentialAction\":[{\"@type\":\"ReadAction\",\"target\":[\"https:\/\/mousefreemarion.org\/es\/producto\/donar-un-importe-para-nosotros\/\"]}]},{\"@type\":\"ImageObject\",\"inLanguage\":\"es\",\"@id\":\"https:\/\/mousefreemarion.org\/es\/producto\/donar-un-importe-para-nosotros\/#primaryimage\",\"url\":\"https:\/\/mousefreemarion.org\/wp-content\/uploads\/2022\/03\/Photo-by-Otto-Whitehead.jpg\",\"contentUrl\":\"https:\/\/mousefreemarion.org\/wp-content\/uploads\/2022\/03\/Photo-by-Otto-Whitehead.jpg\",\"width\":1824,\"height\":1631},{\"@type\":\"BreadcrumbList\",\"@id\":\"https:\/\/mousefreemarion.org\/es\/producto\/donar-un-importe-para-nosotros\/#breadcrumb\",\"itemListElement\":[{\"@type\":\"ListItem\",\"position\":1,\"name\":\"Home\",\"item\":\"https:\/\/mousefreemarion.org\/es\/campana-de-conservacion\/\"},{\"@type\":\"ListItem\",\"position\":2,\"name\":\"Patrocinador\",\"item\":\"https:\/\/mousefreemarion.org\/es\/patrocinador\/\"},{\"@type\":\"ListItem\",\"position\":3,\"name\":\"Done cualquier cantidad\"}]},{\"@type\":\"WebSite\",\"@id\":\"https:\/\/mousefreemarion.org\/es\/#website\",\"url\":\"https:\/\/mousefreemarion.org\/es\/\",\"name\":\"Mouse-Free Marion\",\"description\":\"Mouse-Free Marion\",\"potentialAction\":[{\"@type\":\"SearchAction\",\"target\":{\"@type\":\"EntryPoint\",\"urlTemplate\":\"https:\/\/mousefreemarion.org\/es\/?s={search_term_string}\"},\"query-input\":{\"@type\":\"PropertyValueSpecification\",\"valueRequired\":true,\"valueName\":\"search_term_string\"}}],\"inLanguage\":\"es\"}]}<\/script>\n<!-- \/ Yoast SEO plugin. -->","yoast_head_json":{"title":"Done cualquier cantidad - Mouse-Free Marion","description":"Marion Island ser\u00e1 la mayor isla en la que se haya logrado erradicar los ratones. Forme parte de la historia y apadrine una (o m\u00e1s) hect\u00e1reas de esta hermosa joya oce\u00e1nica.","robots":{"index":"index","follow":"follow","max-snippet":"max-snippet:-1","max-image-preview":"max-image-preview:large","max-video-preview":"max-video-preview:-1"},"canonical":"https:\/\/mousefreemarion.org\/es\/producto\/donar-un-importe-para-nosotros\/","og_locale":"es_ES","og_type":"article","og_title":"Done cualquier cantidad - Mouse-Free Marion","og_description":"Marion Island ser\u00e1 la mayor isla en la que se haya logrado erradicar los ratones. Forme parte de la historia y apadrine una (o m\u00e1s) hect\u00e1reas de esta hermosa joya oce\u00e1nica.","og_url":"https:\/\/mousefreemarion.org\/es\/producto\/donar-un-importe-para-nosotros\/","og_site_name":"Mouse-Free Marion","article_modified_time":"2024-05-05T13:44:47+00:00","og_image":[{"width":1824,"height":1631,"url":"https:\/\/mousefreemarion.org\/wp-content\/uploads\/2022\/03\/Photo-by-Otto-Whitehead.jpg","type":"image\/jpeg"}],"twitter_card":"summary_large_image","twitter_misc":{"Tiempo de lectura":"1 minuto"},"schema":{"@context":"https:\/\/schema.org","@graph":[{"@type":"WebPage","@id":"https:\/\/mousefreemarion.org\/es\/producto\/donar-un-importe-para-nosotros\/","url":"https:\/\/mousefreemarion.org\/es\/producto\/donar-un-importe-para-nosotros\/","name":"Done cualquier cantidad - Mouse-Free Marion","isPartOf":{"@id":"https:\/\/mousefreemarion.org\/es\/#website"},"primaryImageOfPage":{"@id":"https:\/\/mousefreemarion.org\/es\/producto\/donar-un-importe-para-nosotros\/#primaryimage"},"image":{"@id":"https:\/\/mousefreemarion.org\/es\/producto\/donar-un-importe-para-nosotros\/#primaryimage"},"thumbnailUrl":"https:\/\/mousefreemarion.org\/wp-content\/uploads\/2022\/03\/Photo-by-Otto-Whitehead.jpg","datePublished":"2022-03-01T07:46:03+00:00","dateModified":"2024-05-05T13:44:47+00:00","description":"Marion Island ser\u00e1 la mayor isla en la que se haya logrado erradicar los ratones. Forme parte de la historia y apadrine una (o m\u00e1s) hect\u00e1reas de esta hermosa joya oce\u00e1nica.","breadcrumb":{"@id":"https:\/\/mousefreemarion.org\/es\/producto\/donar-un-importe-para-nosotros\/#breadcrumb"},"inLanguage":"es","potentialAction":[{"@type":"ReadAction","target":["https:\/\/mousefreemarion.org\/es\/producto\/donar-un-importe-para-nosotros\/"]}]},{"@type":"ImageObject","inLanguage":"es","@id":"https:\/\/mousefreemarion.org\/es\/producto\/donar-un-importe-para-nosotros\/#primaryimage","url":"https:\/\/mousefreemarion.org\/wp-content\/uploads\/2022\/03\/Photo-by-Otto-Whitehead.jpg","contentUrl":"https:\/\/mousefreemarion.org\/wp-content\/uploads\/2022\/03\/Photo-by-Otto-Whitehead.jpg","width":1824,"height":1631},{"@type":"BreadcrumbList","@id":"https:\/\/mousefreemarion.org\/es\/producto\/donar-un-importe-para-nosotros\/#breadcrumb","itemListElement":[{"@type":"ListItem","position":1,"name":"Home","item":"https:\/\/mousefreemarion.org\/es\/campana-de-conservacion\/"},{"@type":"ListItem","position":2,"name":"Patrocinador","item":"https:\/\/mousefreemarion.org\/es\/patrocinador\/"},{"@type":"ListItem","position":3,"name":"Done cualquier cantidad"}]},{"@type":"WebSite","@id":"https:\/\/mousefreemarion.org\/es\/#website","url":"https:\/\/mousefreemarion.org\/es\/","name":"Mouse-Free Marion","description":"Mouse-Free Marion","potentialAction":[{"@type":"SearchAction","target":{"@type":"EntryPoint","urlTemplate":"https:\/\/mousefreemarion.org\/es\/?s={search_term_string}"},"query-input":{"@type":"PropertyValueSpecification","valueRequired":true,"valueName":"search_term_string"}}],"inLanguage":"es"}]}},"_links":{"self":[{"href":"https:\/\/mousefreemarion.org\/es\/wp-json\/wp\/v2\/product\/13330","targetHints":{"allow":["GET"]}}],"collection":[{"href":"https:\/\/mousefreemarion.org\/es\/wp-json\/wp\/v2\/product"}],"about":[{"href":"https:\/\/mousefreemarion.org\/es\/wp-json\/wp\/v2\/types\/product"}],"wp:featuredmedia":[{"embeddable":true,"href":"https:\/\/mousefreemarion.org\/es\/wp-json\/wp\/v2\/media\/9668"}],"wp:attachment":[{"href":"https:\/\/mousefreemarion.org\/es\/wp-json\/wp\/v2\/media?parent=13330"}],"wp:term":[{"taxonomy":"product_brand","embeddable":true,"href":"https:\/\/mousefreemarion.org\/es\/wp-json\/wp\/v2\/product_brand?post=13330"},{"taxonomy":"product_cat","embeddable":true,"href":"https:\/\/mousefreemarion.org\/es\/wp-json\/wp\/v2\/product_cat?post=13330"},{"taxonomy":"product_tag","embeddable":true,"href":"https:\/\/mousefreemarion.org\/es\/wp-json\/wp\/v2\/product_tag?post=13330"}],"curies":[{"name":"wp","href":"https:\/\/api.w.org\/{rel}","templated":true}]}}