{"id":13375,"date":"2022-03-01T06:21:25","date_gmt":"2022-03-01T06:21:25","guid":{"rendered":"https:\/\/mousefreemarion.org\/product\/done-cualquier-cantidad\/"},"modified":"2024-03-02T13:13:19","modified_gmt":"2024-03-02T13:13:19","slug":"donar-un-importe","status":"publish","type":"product","link":"https:\/\/mousefreemarion.org\/es\/producto\/donar-un-importe\/","title":{"rendered":"Done cualquier cantidad"},"content":{"rendered":"<p><span style=\"color: #333333;\"><strong>Haga una donaci\u00f3n en l\u00ednea hoy mismo a Marion Libre de Ratones para librar a la isla de Marion de los ratones y restaurar este h\u00e1bitat cr\u00edtico para las aves marinas.<\/strong><\/span><br \/>\nMouse Free Marion es una organizaci\u00f3n de utilidad p\u00fablica registrada (n\u00ba 2020\/922433\/08) y est\u00e1 autorizada a expedir certificados fiscales 18A cuando proceda. En Sud\u00e1frica, para recibir un certificado fiscal 18A por su donaci\u00f3n, env\u00ede por correo electr\u00f3nico su comprobante de pago, junto con su nombre completo y direcci\u00f3n, a info@mousefreemarion.org. Le rogamos que limite las solicitudes de certificados fiscales a las donaciones de 500 rands o m\u00e1s.<\/p>\n<p><span style=\"color: #333333;\"><strong>Donaci\u00f3n de valores mobiliarios<\/strong><\/span><br \/>\nSi desea recibir instrucciones para realizar una transferencia o donar acciones o valores apreciados, p\u00f3ngase en contacto con <a href=\"mailto:tarryn.havemann@mousefreemarion.org\" target=\"_blank\" rel=\"noopener\">tarryn.havemann@mousefreemarion.org<\/a>.<\/p>\n<p><span style=\"color: #333333;\"><strong>Empresas interesadas en apoyar el proyecto Marion sin ratones<\/strong><\/span><br \/>\nPara m\u00e1s informaci\u00f3n, env\u00ede un correo electr\u00f3nico <a href=\"mailto:tarryn.havemann@mousefreemarion.org\" target=\"_blank\" rel=\"noopener\">a tarryn.havemann@mousefreemarion.org<\/a>.<\/p>\n<p>&nbsp;<\/p>\n","protected":false},"excerpt":{"rendered":"<p><span style=\"color: #333333;\"><strong>Haga una donaci\u00f3n en l\u00ednea hoy mismo a Marion Libre de Ratones para librar a la isla de Marion de los ratones y restaurar este h\u00e1bitat cr\u00edtico para las aves marinas.<\/strong><\/span><br \/>\nMouse Free Marion es una organizaci\u00f3n de utilidad p\u00fablica registrada (n\u00ba 2020\/922433\/08) y est\u00e1 autorizada a expedir certificados fiscales 18A cuando proceda. En Sud\u00e1frica, para recibir un certificado fiscal 18A por su donaci\u00f3n, env\u00ede por correo electr\u00f3nico su comprobante de pago, junto con su nombre completo y direcci\u00f3n, a info@mousefreemarion.org. Le rogamos que limite las solicitudes de certificados fiscales a las donaciones de 500 rands o m\u00e1s.<\/p>\n<p><span style=\"color: #333333;\"><strong>Donaci\u00f3n de valores mobiliarios<\/strong><\/span><br \/>\nSi desea recibir instrucciones para realizar una transferencia o donar acciones o valores apreciados, p\u00f3ngase en contacto con <a href=\"mailto:tarryn.havemann@mousefreemarion.org\" target=\"_blank\" rel=\"noopener\">tarryn.havemann@mousefreemarion.org<\/a>.<\/p>\n<p><span style=\"color: #333333;\"><strong>Empresas interesadas en apoyar el proyecto Marion sin ratones<\/strong><\/span><br \/>\nPara m\u00e1s informaci\u00f3n, env\u00ede un correo electr\u00f3nico <a href=\"mailto:tarryn.havemann@mousefreemarion.org\" target=\"_blank\" rel=\"noopener\">a tarryn.havemann@mousefreemarion.org<\/a>.<\/p>\n<hr>\n<p><span style=\"color: #2f576f;\"><strong>Introduzca una cantidad a continuaci\u00f3n (en Rands) para donar<\/strong><\/span><\/p>\n","protected":false},"featured_media":9668,"template":"","meta":[],"product_brand":[],"product_cat":[46],"product_tag":[],"class_list":{"0":"post-13375","1":"product","2":"type-product","3":"status-publish","4":"has-post-thumbnail","6":"product_cat-sin-categorizar","8":"first","9":"instock","10":"virtual","11":"purchasable","12":"product-type-simple"},"yoast_head":"<!-- This site is optimized with the Yoast SEO plugin v27.2 - https:\/\/yoast.com\/product\/yoast-seo-wordpress\/ -->\n<title>Done cualquier cantidad - Mouse-Free Marion<\/title>\n<meta name=\"description\" content=\"Marion Island ser\u00e1 la mayor isla en la que se haya logrado erradicar los ratones. Forme parte de la historia y apadrine una (o m\u00e1s) hect\u00e1reas de esta hermosa joya oce\u00e1nica.\" \/>\n<meta name=\"robots\" content=\"index, follow, max-snippet:-1, max-image-preview:large, max-video-preview:-1\" \/>\n<link rel=\"canonical\" href=\"https:\/\/mousefreemarion.org\/es\/producto\/donar-un-importe\/\" \/>\n<meta property=\"og:locale\" content=\"es_ES\" \/>\n<meta property=\"og:type\" content=\"article\" \/>\n<meta property=\"og:title\" content=\"Done cualquier cantidad - Mouse-Free Marion\" \/>\n<meta property=\"og:description\" content=\"Marion Island ser\u00e1 la mayor isla en la que se haya logrado erradicar los ratones. Forme parte de la historia y apadrine una (o m\u00e1s) hect\u00e1reas de esta hermosa joya oce\u00e1nica.\" \/>\n<meta property=\"og:url\" content=\"https:\/\/mousefreemarion.org\/es\/producto\/donar-un-importe\/\" \/>\n<meta property=\"og:site_name\" content=\"Mouse-Free Marion\" \/>\n<meta property=\"article:modified_time\" content=\"2024-03-02T13:13:19+00:00\" \/>\n<meta property=\"og:image\" content=\"https:\/\/mousefreemarion.org\/wp-content\/uploads\/2022\/03\/Photo-by-Otto-Whitehead.jpg\" \/>\n\t<meta property=\"og:image:width\" content=\"1824\" \/>\n\t<meta property=\"og:image:height\" content=\"1631\" \/>\n\t<meta property=\"og:image:type\" content=\"image\/jpeg\" \/>\n<meta name=\"twitter:card\" content=\"summary_large_image\" \/>\n<meta name=\"twitter:label1\" content=\"Tiempo de lectura\" \/>\n\t<meta name=\"twitter:data1\" content=\"1 minuto\" \/>\n<script type=\"application\/ld+json\" class=\"yoast-schema-graph\">{\"@context\":\"https:\/\/schema.org\",\"@graph\":[{\"@type\":\"WebPage\",\"@id\":\"https:\/\/mousefreemarion.org\/es\/producto\/donar-un-importe\/\",\"url\":\"https:\/\/mousefreemarion.org\/es\/producto\/donar-un-importe\/\",\"name\":\"Done cualquier cantidad - Mouse-Free Marion\",\"isPartOf\":{\"@id\":\"https:\/\/mousefreemarion.org\/es\/#website\"},\"primaryImageOfPage\":{\"@id\":\"https:\/\/mousefreemarion.org\/es\/producto\/donar-un-importe\/#primaryimage\"},\"image\":{\"@id\":\"https:\/\/mousefreemarion.org\/es\/producto\/donar-un-importe\/#primaryimage\"},\"thumbnailUrl\":\"https:\/\/mousefreemarion.org\/wp-content\/uploads\/2022\/03\/Photo-by-Otto-Whitehead.jpg\",\"datePublished\":\"2022-03-01T06:21:25+00:00\",\"dateModified\":\"2024-03-02T13:13:19+00:00\",\"description\":\"Marion Island ser\u00e1 la mayor isla en la que se haya logrado erradicar los ratones. Forme parte de la historia y apadrine una (o m\u00e1s) hect\u00e1reas de esta hermosa joya oce\u00e1nica.\",\"breadcrumb\":{\"@id\":\"https:\/\/mousefreemarion.org\/es\/producto\/donar-un-importe\/#breadcrumb\"},\"inLanguage\":\"es\",\"potentialAction\":[{\"@type\":\"ReadAction\",\"target\":[\"https:\/\/mousefreemarion.org\/es\/producto\/donar-un-importe\/\"]}]},{\"@type\":\"ImageObject\",\"inLanguage\":\"es\",\"@id\":\"https:\/\/mousefreemarion.org\/es\/producto\/donar-un-importe\/#primaryimage\",\"url\":\"https:\/\/mousefreemarion.org\/wp-content\/uploads\/2022\/03\/Photo-by-Otto-Whitehead.jpg\",\"contentUrl\":\"https:\/\/mousefreemarion.org\/wp-content\/uploads\/2022\/03\/Photo-by-Otto-Whitehead.jpg\",\"width\":1824,\"height\":1631},{\"@type\":\"BreadcrumbList\",\"@id\":\"https:\/\/mousefreemarion.org\/es\/producto\/donar-un-importe\/#breadcrumb\",\"itemListElement\":[{\"@type\":\"ListItem\",\"position\":1,\"name\":\"Home\",\"item\":\"https:\/\/mousefreemarion.org\/es\/campana-de-conservacion\/\"},{\"@type\":\"ListItem\",\"position\":2,\"name\":\"Patrocinador\",\"item\":\"https:\/\/mousefreemarion.org\/es\/patrocinador\/\"},{\"@type\":\"ListItem\",\"position\":3,\"name\":\"Done cualquier cantidad\"}]},{\"@type\":\"WebSite\",\"@id\":\"https:\/\/mousefreemarion.org\/es\/#website\",\"url\":\"https:\/\/mousefreemarion.org\/es\/\",\"name\":\"Mouse-Free Marion\",\"description\":\"Mouse-Free Marion\",\"potentialAction\":[{\"@type\":\"SearchAction\",\"target\":{\"@type\":\"EntryPoint\",\"urlTemplate\":\"https:\/\/mousefreemarion.org\/es\/?s={search_term_string}\"},\"query-input\":{\"@type\":\"PropertyValueSpecification\",\"valueRequired\":true,\"valueName\":\"search_term_string\"}}],\"inLanguage\":\"es\"}]}<\/script>\n<!-- \/ Yoast SEO plugin. -->","yoast_head_json":{"title":"Done cualquier cantidad - Mouse-Free Marion","description":"Marion Island ser\u00e1 la mayor isla en la que se haya logrado erradicar los ratones. Forme parte de la historia y apadrine una (o m\u00e1s) hect\u00e1reas de esta hermosa joya oce\u00e1nica.","robots":{"index":"index","follow":"follow","max-snippet":"max-snippet:-1","max-image-preview":"max-image-preview:large","max-video-preview":"max-video-preview:-1"},"canonical":"https:\/\/mousefreemarion.org\/es\/producto\/donar-un-importe\/","og_locale":"es_ES","og_type":"article","og_title":"Done cualquier cantidad - Mouse-Free Marion","og_description":"Marion Island ser\u00e1 la mayor isla en la que se haya logrado erradicar los ratones. Forme parte de la historia y apadrine una (o m\u00e1s) hect\u00e1reas de esta hermosa joya oce\u00e1nica.","og_url":"https:\/\/mousefreemarion.org\/es\/producto\/donar-un-importe\/","og_site_name":"Mouse-Free Marion","article_modified_time":"2024-03-02T13:13:19+00:00","og_image":[{"width":1824,"height":1631,"url":"https:\/\/mousefreemarion.org\/wp-content\/uploads\/2022\/03\/Photo-by-Otto-Whitehead.jpg","type":"image\/jpeg"}],"twitter_card":"summary_large_image","twitter_misc":{"Tiempo de lectura":"1 minuto"},"schema":{"@context":"https:\/\/schema.org","@graph":[{"@type":"WebPage","@id":"https:\/\/mousefreemarion.org\/es\/producto\/donar-un-importe\/","url":"https:\/\/mousefreemarion.org\/es\/producto\/donar-un-importe\/","name":"Done cualquier cantidad - Mouse-Free Marion","isPartOf":{"@id":"https:\/\/mousefreemarion.org\/es\/#website"},"primaryImageOfPage":{"@id":"https:\/\/mousefreemarion.org\/es\/producto\/donar-un-importe\/#primaryimage"},"image":{"@id":"https:\/\/mousefreemarion.org\/es\/producto\/donar-un-importe\/#primaryimage"},"thumbnailUrl":"https:\/\/mousefreemarion.org\/wp-content\/uploads\/2022\/03\/Photo-by-Otto-Whitehead.jpg","datePublished":"2022-03-01T06:21:25+00:00","dateModified":"2024-03-02T13:13:19+00:00","description":"Marion Island ser\u00e1 la mayor isla en la que se haya logrado erradicar los ratones. Forme parte de la historia y apadrine una (o m\u00e1s) hect\u00e1reas de esta hermosa joya oce\u00e1nica.","breadcrumb":{"@id":"https:\/\/mousefreemarion.org\/es\/producto\/donar-un-importe\/#breadcrumb"},"inLanguage":"es","potentialAction":[{"@type":"ReadAction","target":["https:\/\/mousefreemarion.org\/es\/producto\/donar-un-importe\/"]}]},{"@type":"ImageObject","inLanguage":"es","@id":"https:\/\/mousefreemarion.org\/es\/producto\/donar-un-importe\/#primaryimage","url":"https:\/\/mousefreemarion.org\/wp-content\/uploads\/2022\/03\/Photo-by-Otto-Whitehead.jpg","contentUrl":"https:\/\/mousefreemarion.org\/wp-content\/uploads\/2022\/03\/Photo-by-Otto-Whitehead.jpg","width":1824,"height":1631},{"@type":"BreadcrumbList","@id":"https:\/\/mousefreemarion.org\/es\/producto\/donar-un-importe\/#breadcrumb","itemListElement":[{"@type":"ListItem","position":1,"name":"Home","item":"https:\/\/mousefreemarion.org\/es\/campana-de-conservacion\/"},{"@type":"ListItem","position":2,"name":"Patrocinador","item":"https:\/\/mousefreemarion.org\/es\/patrocinador\/"},{"@type":"ListItem","position":3,"name":"Done cualquier cantidad"}]},{"@type":"WebSite","@id":"https:\/\/mousefreemarion.org\/es\/#website","url":"https:\/\/mousefreemarion.org\/es\/","name":"Mouse-Free Marion","description":"Mouse-Free Marion","potentialAction":[{"@type":"SearchAction","target":{"@type":"EntryPoint","urlTemplate":"https:\/\/mousefreemarion.org\/es\/?s={search_term_string}"},"query-input":{"@type":"PropertyValueSpecification","valueRequired":true,"valueName":"search_term_string"}}],"inLanguage":"es"}]}},"_links":{"self":[{"href":"https:\/\/mousefreemarion.org\/es\/wp-json\/wp\/v2\/product\/13375","targetHints":{"allow":["GET"]}}],"collection":[{"href":"https:\/\/mousefreemarion.org\/es\/wp-json\/wp\/v2\/product"}],"about":[{"href":"https:\/\/mousefreemarion.org\/es\/wp-json\/wp\/v2\/types\/product"}],"wp:featuredmedia":[{"embeddable":true,"href":"https:\/\/mousefreemarion.org\/es\/wp-json\/wp\/v2\/media\/9668"}],"wp:attachment":[{"href":"https:\/\/mousefreemarion.org\/es\/wp-json\/wp\/v2\/media?parent=13375"}],"wp:term":[{"taxonomy":"product_brand","embeddable":true,"href":"https:\/\/mousefreemarion.org\/es\/wp-json\/wp\/v2\/product_brand?post=13375"},{"taxonomy":"product_cat","embeddable":true,"href":"https:\/\/mousefreemarion.org\/es\/wp-json\/wp\/v2\/product_cat?post=13375"},{"taxonomy":"product_tag","embeddable":true,"href":"https:\/\/mousefreemarion.org\/es\/wp-json\/wp\/v2\/product_tag?post=13375"}],"curies":[{"name":"wp","href":"https:\/\/api.w.org\/{rel}","templated":true}]}}