{"id":12753,"date":"2022-01-09T19:02:41","date_gmt":"2022-01-09T19:02:41","guid":{"rendered":"https:\/\/mousefreemarion.org\/conseil-dadministration-de-la-societe-a-but-non-lucratif-mfm\/"},"modified":"2023-07-21T11:36:31","modified_gmt":"2023-07-21T11:36:31","slug":"conseil-dadministration-de-la-societe-a-but-non-lucratif-mfm","status":"publish","type":"page","link":"https:\/\/mousefreemarion.org\/fr\/conseil-dadministration-de-la-societe-a-but-non-lucratif-mfm\/","title":{"rendered":"Conseil d&rsquo;administration de la soci\u00e9t\u00e9 \u00e0 but non lucratif MFM"},"content":{"rendered":"<p><div class=\"fusion-fullwidth fullwidth-box fusion-builder-row-1 nonhundred-percent-fullwidth non-hundred-percent-height-scrolling\" style=\"--awb-border-radius-top-left:0px;--awb-border-radius-top-right:0px;--awb-border-radius-bottom-right:0px;--awb-border-radius-bottom-left:0px;--awb-flex-wrap:wrap;\" ><div class=\"fusion-builder-row fusion-row\"><div class=\"fusion-layout-column fusion_builder_column fusion-builder-column-0 fusion_builder_column_1_1 1_1 fusion-one-full fusion-column-first fusion-column-last\" style=\"--awb-bg-size:cover;\"><div class=\"fusion-column-wrapper fusion-column-has-shadow fusion-flex-column-wrapper-legacy\"><div class=\"fusion-sep-clear\"><\/div><div class=\"fusion-separator fusion-full-width-sep\" style=\"margin-left: auto;margin-right: auto;margin-top:80px;margin-bottom:50px;width:100%;\"><\/div><div class=\"fusion-sep-clear\"><\/div><div class=\"fusion-clearfix\"><\/div><\/div><\/div><\/div><\/div><div class=\"fusion-fullwidth fullwidth-box fusion-builder-row-2 nonhundred-percent-fullwidth non-hundred-percent-height-scrolling\" style=\"--awb-border-radius-top-left:0px;--awb-border-radius-top-right:0px;--awb-border-radius-bottom-right:0px;--awb-border-radius-bottom-left:0px;--awb-margin-top:10px;--awb-margin-bottom:10px;--awb-flex-wrap:wrap;\" ><div class=\"fusion-builder-row fusion-row\"><div class=\"fusion-layout-column fusion_builder_column fusion-builder-column-1 fusion_builder_column_3_4 3_4 fusion-three-fourth fusion-column-first\" style=\"--awb-bg-size:cover;width:75%;width:calc(75% - ( ( 4% ) * 0.75 ) );margin-right: 4%;\"><div class=\"fusion-column-wrapper fusion-column-has-shadow fusion-flex-column-wrapper-legacy\"><div class=\"fusion-text fusion-text-1\" style=\"--awb-font-size:30px;\"><p data-fontsize=\"60\" data-lineheight=\"78\"><strong><span style=\"color: #333333;\">Conseil d&rsquo;administration de la soci\u00e9t\u00e9 \u00e0 but non lucratif MFM<\/span><\/strong><\/p>\n<\/div><div class=\"fusion-sep-clear\"><\/div><div class=\"fusion-separator fusion-clearfix\" style=\"float:left;margin-top:5px;margin-bottom:5px;width:100%;max-width:100px;\"><div class=\"fusion-separator-border sep-single sep-solid\" style=\"--awb-height:20px;--awb-amount:20px;--awb-sep-color:#92c4d5;border-color:#92c4d5;border-top-width:3px;\"><\/div><\/div><div class=\"fusion-sep-clear\"><\/div><div class=\"fusion-text fusion-text-2\"><p>La MFM Non-Profit Company (MFM NPC) est un v\u00e9hicule \u00e0 but sp\u00e9cial qui a \u00e9t\u00e9 mis en place par BirdLife South Africa pour ex\u00e9cuter leurs responsabilit\u00e9s dans le cadre du protocole d&rsquo;accord avec le DFFE, facilitant ainsi la mise en \u0153uvre du projet. Le conseil d&rsquo;administration est compos\u00e9 de personnes ayant une exp\u00e9rience consid\u00e9rable dans le domaine des organisations \u00e0 but non lucratif, des programmes environnementaux et des affaires. Le Dr Mavuso Msimang est le pr\u00e9sident du conseil d&rsquo;administration. Le Dr Guy Preston en est le vice-pr\u00e9sident.<\/p>\n<h4>Membres du CNP de MFM<strong>:<\/strong><\/h4>\n<p><a href=\"https:\/\/mousefreemarion.org\/fr\/presentation-du-dr-mavuso-msimang-president-de-la-societe-a-but-non-lucratif-mouse-free-marion\/\"><br \/>\n  <strong>Dr Mavuso Msimang <\/strong><br \/>\n<\/a>&#8211; <strong> Pr\u00e9sident <\/strong><br \/>\n<strong>Dr Guy Preston &#8211; <\/strong>Vice-Pr\u00e9sident<br \/>\n<strong>M. Philip Calinikos &#8211; <\/strong>Tr\u00e9sorier, membre du conseil d&rsquo;administration<br \/>\n<a href=\"https:\/\/mousefreemarion.org\/fr\/presentation-de-mark-anderson-president-du-comite-de-gestion-de-la-mfm\/\"><br \/>\n  <strong>Monsieur Mark D Anderson <\/strong><br \/>\n<\/a>&#8211; Membre du <strong> conseil d&rsquo;administration <\/strong><br \/>\n<strong>Ambassadeur Nosipho Jezile<\/strong> &#8211; Membre du conseil d&rsquo;administration<br \/>\n<strong>M. Nic Kohler<\/strong> &#8211; Membre du conseil d&rsquo;administration<br \/>\n<strong>Mme Manuela Krog &#8211; <\/strong>Membre du conseil d&rsquo;administration<br \/>\n<strong>M. Trevor Manuel<\/strong> &#8211; Membre du conseil d&rsquo;administration<br \/>\n<strong>Dr Frederik Paulsen &#8211; <\/strong>Membre du conseil d&rsquo;administration<be><br \/>\n<strong>Mme Yvonne Pennington &#8211; <\/strong>Membre du conseil d&rsquo;administration  <br \/>\n<strong>Dr Paul Dalmeyer &#8211; <\/strong>Membre suppl\u00e9ant du conseil d&rsquo;administration pour le Dr Paulsen<br \/>\n<strong><a href=\"https:\/\/mousefreemarion.org\/fr\/andrew-callender-nouveau-membre-du-comite-de-gestion-de-mouse-free-marion\/\" target=\"_blank\" rel=\"noopener\">M. Andrew Callender<\/a> &#8211; <\/strong>Conseiller<br \/>\n<strong>M. Fanie du Plessis &#8211; <\/strong>Conseiller<br \/>\n<a href=\"https:\/\/mousefreemarion.org\/fr\/presentation-du-dr-alistair-mcinnes-responsable-du-programme-de-conservation-des-oiseaux-marins-chez-birdlife-afrique-du-sud\/\"><br \/>\n  <strong>Dr Alistair McInnes <\/strong><br \/>\n<\/a>&#8211; <strong> Conseiller <\/strong><br \/>\n<strong><a href=\"https:\/\/mousefreemarion.org\/fr\/presentation-du-professeur-peter-ryan-president-du-groupe-consultatif-scientifique-et-technique-du-projet-mouse-free-marion\/\" target=\"_blank\" rel=\"noopener\">Prof. Peter Ryan<\/a> &#8211; <\/strong>Conseiller<br \/>\n<a href=\"https:\/\/mousefreemarion.org\/fr\/keith-springer-un-pilier-de-lile-de-macquarie-est-nomme-directeur-des-operations-de-mouse-free-marion\/\"><br \/>\n  <strong>M. Keith Springer <\/strong><br \/>\n<\/a>&#8211; Directeur des op\u00e9rations de <strong> MFM <\/strong>(membre de droit)<br \/>\n<a href=\"https:\/\/mousefreemarion.org\/fr\/presentation-du-dr-anton-wolfaardt-responsable-du-projet-mouse-free-marion\/\"><br \/>\n  <strong>Dr Anton Wolfaardt<\/strong><br \/>\n<\/a> &#8211; Chef de projet <strong> MFM <\/strong>(membre de droit)<\/be><\/p>\n<\/div><div class=\"fusion-sep-clear\"><\/div><div class=\"fusion-separator fusion-clearfix\" style=\"float:left;margin-top:5px;margin-bottom:5px;width:100%;max-width:100px;\"><div class=\"fusion-separator-border sep-single sep-solid\" style=\"--awb-height:20px;--awb-amount:20px;--awb-sep-color:#92c4d5;border-color:#92c4d5;border-top-width:3px;\"><\/div><\/div><div class=\"fusion-sep-clear\"><\/div><div class=\"fusion-clearfix\"><\/div><\/div><\/div><div class=\"fusion-layout-column fusion_builder_column fusion-builder-column-2 fusion_builder_column_1_4 1_4 fusion-one-fourth fusion-column-last\" style=\"--awb-bg-size:cover;width:25%;width:calc(25% - ( ( 4% ) * 0.25 ) );\"><div class=\"fusion-column-wrapper fusion-column-has-shadow fusion-flex-column-wrapper-legacy\"><script src=\"https:\/\/apps.elfsight.com\/p\/platform.js\" defer><\/script>\n<div class=\"elfsight-app-be4791f9-e77d-407e-b5a1-4742e7726949\"><\/div>\n<div class=\"fusion-clearfix\"><\/div><\/div><\/div><\/div><\/div><div class=\"fusion-fullwidth fullwidth-box fusion-builder-row-3 nonhundred-percent-fullwidth non-hundred-percent-height-scrolling\" style=\"--awb-border-radius-top-left:0px;--awb-border-radius-top-right:0px;--awb-border-radius-bottom-right:0px;--awb-border-radius-bottom-left:0px;--awb-flex-wrap:wrap;\" ><div class=\"fusion-builder-row fusion-row\"><div class=\"fusion-layout-column fusion_builder_column fusion-builder-column-3 fusion_builder_column_2_3 2_3 fusion-two-third fusion-column-first\" style=\"--awb-bg-size:cover;width:66.666666666667%;width:calc(66.666666666667% - ( ( 4% + 4% ) * 0.66666666666667 ) );margin-right: 4%;\"><div class=\"fusion-column-wrapper fusion-column-has-shadow fusion-flex-column-wrapper-legacy\"><div class=\"fusion-image-element in-legacy-container\" style=\"--awb-caption-title-font-family:var(--h2_typography-font-family);--awb-caption-title-font-weight:var(--h2_typography-font-weight);--awb-caption-title-font-style:var(--h2_typography-font-style);--awb-caption-title-size:var(--h2_typography-font-size);--awb-caption-title-transform:var(--h2_typography-text-transform);--awb-caption-title-line-height:var(--h2_typography-line-height);--awb-caption-title-letter-spacing:var(--h2_typography-letter-spacing);\"><span class=\" fusion-imageframe imageframe-none imageframe-1 hover-type-none\"><img decoding=\"async\" width=\"800\" height=\"183\" title=\"Logos-BL-DFFE\" src=\"https:\/\/mousefreemarion.org\/wp-content\/uploads\/2021\/03\/Logos-BL-DFFE.jpg\" alt class=\"img-responsive wp-image-10811\" srcset=\"https:\/\/mousefreemarion.org\/wp-content\/uploads\/2021\/03\/Logos-BL-DFFE-200x46.jpg 200w, https:\/\/mousefreemarion.org\/wp-content\/uploads\/2021\/03\/Logos-BL-DFFE-400x92.jpg 400w, https:\/\/mousefreemarion.org\/wp-content\/uploads\/2021\/03\/Logos-BL-DFFE-600x137.jpg 600w, https:\/\/mousefreemarion.org\/wp-content\/uploads\/2021\/03\/Logos-BL-DFFE.jpg 800w\" sizes=\"(max-width: 800px) 100vw, 800px\" \/><\/span><\/div><div class=\"fusion-clearfix\"><\/div><\/div><\/div><div class=\"fusion-layout-column fusion_builder_column fusion-builder-column-4 fusion_builder_column_1_6 1_6 fusion-one-sixth\" style=\"--awb-bg-size:cover;width:16.666666666667%;width:calc(16.666666666667% - ( ( 4% + 4% ) * 0.16666666666667 ) );margin-right: 4%;\"><div class=\"fusion-column-wrapper fusion-column-has-shadow fusion-flex-column-wrapper-legacy\"><div class=\"fusion-clearfix\"><\/div><\/div><\/div><div class=\"fusion-layout-column fusion_builder_column fusion-builder-column-5 fusion_builder_column_1_6 1_6 fusion-one-sixth fusion-column-last\" style=\"--awb-bg-size:cover;width:16.666666666667%;width:calc(16.666666666667% - ( ( 4% + 4% ) * 0.16666666666667 ) );\"><div class=\"fusion-column-wrapper fusion-column-has-shadow fusion-flex-column-wrapper-legacy\"><div class=\"fusion-clearfix\"><\/div><\/div><\/div><\/div><\/div><\/p>\n","protected":false},"excerpt":{"rendered":"","protected":false},"author":1,"featured_media":0,"parent":0,"menu_order":0,"comment_status":"closed","ping_status":"closed","template":"100-width.php","meta":{"footnotes":""},"class_list":["post-12753","page","type-page","status-publish","hentry"],"yoast_head":"<!-- This site is optimized with the Yoast SEO plugin v27.2 - https:\/\/yoast.com\/product\/yoast-seo-wordpress\/ -->\n<title>Conseil d&#039;administration de la soci\u00e9t\u00e9 \u00e0 but non lucratif MFM - Mouse-Free Marion<\/title>\n<meta name=\"robots\" content=\"index, follow, max-snippet:-1, max-image-preview:large, max-video-preview:-1\" \/>\n<link rel=\"canonical\" href=\"https:\/\/mousefreemarion.org\/fr\/conseil-dadministration-de-la-societe-a-but-non-lucratif-mfm\/\" \/>\n<meta property=\"og:locale\" content=\"fr_FR\" \/>\n<meta property=\"og:type\" content=\"article\" \/>\n<meta property=\"og:title\" content=\"Conseil d&#039;administration de la soci\u00e9t\u00e9 \u00e0 but non lucratif MFM - Mouse-Free Marion\" \/>\n<meta property=\"og:url\" content=\"https:\/\/mousefreemarion.org\/fr\/conseil-dadministration-de-la-societe-a-but-non-lucratif-mfm\/\" \/>\n<meta property=\"og:site_name\" content=\"Mouse-Free Marion\" \/>\n<meta property=\"article:modified_time\" content=\"2023-07-21T11:36:31+00:00\" \/>\n<meta name=\"twitter:card\" content=\"summary_large_image\" \/>\n<meta name=\"twitter:label1\" content=\"Dur\u00e9e de lecture estim\u00e9e\" \/>\n\t<meta name=\"twitter:data1\" content=\"8 minutes\" \/>\n<script type=\"application\/ld+json\" class=\"yoast-schema-graph\">{\"@context\":\"https:\/\/schema.org\",\"@graph\":[{\"@type\":\"WebPage\",\"@id\":\"https:\/\/mousefreemarion.org\/fr\/conseil-dadministration-de-la-societe-a-but-non-lucratif-mfm\/\",\"url\":\"https:\/\/mousefreemarion.org\/fr\/conseil-dadministration-de-la-societe-a-but-non-lucratif-mfm\/\",\"name\":\"Conseil d'administration de la soci\u00e9t\u00e9 \u00e0 but non lucratif MFM - Mouse-Free Marion\",\"isPartOf\":{\"@id\":\"https:\/\/mousefreemarion.org\/fr\/#website\"},\"datePublished\":\"2022-01-09T19:02:41+00:00\",\"dateModified\":\"2023-07-21T11:36:31+00:00\",\"breadcrumb\":{\"@id\":\"https:\/\/mousefreemarion.org\/fr\/conseil-dadministration-de-la-societe-a-but-non-lucratif-mfm\/#breadcrumb\"},\"inLanguage\":\"fr-FR\",\"potentialAction\":[{\"@type\":\"ReadAction\",\"target\":[\"https:\/\/mousefreemarion.org\/fr\/conseil-dadministration-de-la-societe-a-but-non-lucratif-mfm\/\"]}]},{\"@type\":\"BreadcrumbList\",\"@id\":\"https:\/\/mousefreemarion.org\/fr\/conseil-dadministration-de-la-societe-a-but-non-lucratif-mfm\/#breadcrumb\",\"itemListElement\":[{\"@type\":\"ListItem\",\"position\":1,\"name\":\"Home\",\"item\":\"https:\/\/mousefreemarion.org\/fr\/campagne-de-conservation\/\"},{\"@type\":\"ListItem\",\"position\":2,\"name\":\"Conseil d&rsquo;administration de la soci\u00e9t\u00e9 \u00e0 but non lucratif MFM\"}]},{\"@type\":\"WebSite\",\"@id\":\"https:\/\/mousefreemarion.org\/fr\/#website\",\"url\":\"https:\/\/mousefreemarion.org\/fr\/\",\"name\":\"Mouse-Free Marion\",\"description\":\"Mouse-Free Marion\",\"potentialAction\":[{\"@type\":\"SearchAction\",\"target\":{\"@type\":\"EntryPoint\",\"urlTemplate\":\"https:\/\/mousefreemarion.org\/fr\/?s={search_term_string}\"},\"query-input\":{\"@type\":\"PropertyValueSpecification\",\"valueRequired\":true,\"valueName\":\"search_term_string\"}}],\"inLanguage\":\"fr-FR\"}]}<\/script>\n<!-- \/ Yoast SEO plugin. -->","yoast_head_json":{"title":"Conseil d'administration de la soci\u00e9t\u00e9 \u00e0 but non lucratif MFM - Mouse-Free Marion","robots":{"index":"index","follow":"follow","max-snippet":"max-snippet:-1","max-image-preview":"max-image-preview:large","max-video-preview":"max-video-preview:-1"},"canonical":"https:\/\/mousefreemarion.org\/fr\/conseil-dadministration-de-la-societe-a-but-non-lucratif-mfm\/","og_locale":"fr_FR","og_type":"article","og_title":"Conseil d'administration de la soci\u00e9t\u00e9 \u00e0 but non lucratif MFM - Mouse-Free Marion","og_url":"https:\/\/mousefreemarion.org\/fr\/conseil-dadministration-de-la-societe-a-but-non-lucratif-mfm\/","og_site_name":"Mouse-Free Marion","article_modified_time":"2023-07-21T11:36:31+00:00","twitter_card":"summary_large_image","twitter_misc":{"Dur\u00e9e de lecture estim\u00e9e":"8 minutes"},"schema":{"@context":"https:\/\/schema.org","@graph":[{"@type":"WebPage","@id":"https:\/\/mousefreemarion.org\/fr\/conseil-dadministration-de-la-societe-a-but-non-lucratif-mfm\/","url":"https:\/\/mousefreemarion.org\/fr\/conseil-dadministration-de-la-societe-a-but-non-lucratif-mfm\/","name":"Conseil d'administration de la soci\u00e9t\u00e9 \u00e0 but non lucratif MFM - Mouse-Free Marion","isPartOf":{"@id":"https:\/\/mousefreemarion.org\/fr\/#website"},"datePublished":"2022-01-09T19:02:41+00:00","dateModified":"2023-07-21T11:36:31+00:00","breadcrumb":{"@id":"https:\/\/mousefreemarion.org\/fr\/conseil-dadministration-de-la-societe-a-but-non-lucratif-mfm\/#breadcrumb"},"inLanguage":"fr-FR","potentialAction":[{"@type":"ReadAction","target":["https:\/\/mousefreemarion.org\/fr\/conseil-dadministration-de-la-societe-a-but-non-lucratif-mfm\/"]}]},{"@type":"BreadcrumbList","@id":"https:\/\/mousefreemarion.org\/fr\/conseil-dadministration-de-la-societe-a-but-non-lucratif-mfm\/#breadcrumb","itemListElement":[{"@type":"ListItem","position":1,"name":"Home","item":"https:\/\/mousefreemarion.org\/fr\/campagne-de-conservation\/"},{"@type":"ListItem","position":2,"name":"Conseil d&rsquo;administration de la soci\u00e9t\u00e9 \u00e0 but non lucratif MFM"}]},{"@type":"WebSite","@id":"https:\/\/mousefreemarion.org\/fr\/#website","url":"https:\/\/mousefreemarion.org\/fr\/","name":"Mouse-Free Marion","description":"Mouse-Free Marion","potentialAction":[{"@type":"SearchAction","target":{"@type":"EntryPoint","urlTemplate":"https:\/\/mousefreemarion.org\/fr\/?s={search_term_string}"},"query-input":{"@type":"PropertyValueSpecification","valueRequired":true,"valueName":"search_term_string"}}],"inLanguage":"fr-FR"}]}},"_links":{"self":[{"href":"https:\/\/mousefreemarion.org\/fr\/wp-json\/wp\/v2\/pages\/12753","targetHints":{"allow":["GET"]}}],"collection":[{"href":"https:\/\/mousefreemarion.org\/fr\/wp-json\/wp\/v2\/pages"}],"about":[{"href":"https:\/\/mousefreemarion.org\/fr\/wp-json\/wp\/v2\/types\/page"}],"author":[{"embeddable":true,"href":"https:\/\/mousefreemarion.org\/fr\/wp-json\/wp\/v2\/users\/1"}],"replies":[{"embeddable":true,"href":"https:\/\/mousefreemarion.org\/fr\/wp-json\/wp\/v2\/comments?post=12753"}],"version-history":[{"count":2,"href":"https:\/\/mousefreemarion.org\/fr\/wp-json\/wp\/v2\/pages\/12753\/revisions"}],"predecessor-version":[{"id":15084,"href":"https:\/\/mousefreemarion.org\/fr\/wp-json\/wp\/v2\/pages\/12753\/revisions\/15084"}],"wp:attachment":[{"href":"https:\/\/mousefreemarion.org\/fr\/wp-json\/wp\/v2\/media?parent=12753"}],"curies":[{"name":"wp","href":"https:\/\/api.w.org\/{rel}","templated":true}]}}