{"id":13510,"date":"2021-08-11T09:53:04","date_gmt":"2021-08-11T09:53:04","guid":{"rendered":"https:\/\/mousefreemarion.org\/product\/hectare-de-lile-marion\/"},"modified":"2021-08-11T09:53:04","modified_gmt":"2021-08-11T09:53:04","slug":"marion-island-hectare1000-2","status":"publish","type":"product","link":"https:\/\/mousefreemarion.org\/fr\/produit\/marion-island-hectare1000-2\/","title":{"rendered":"Hectare de l&rsquo;\u00eele Marion"},"content":{"rendered":"<h3>R1000<\/h3>\n<p>L&rsquo;\u00eele Marion sera la plus grande \u00eele dont les souris ont \u00e9t\u00e9 \u00e9radiqu\u00e9es avec succ\u00e8s.<br \/>\nFaites partie de l&rsquo;histoire, et parrainez un (ou plusieurs) hectares de ce magnifique joyau oc\u00e9anique.<\/p>\n<p>&nbsp;<\/p>\n","protected":false},"excerpt":{"rendered":"<h3>R1000<\/h3>\n<p>L&rsquo;\u00eele Marion sera la plus grande \u00eele dont les souris ont \u00e9t\u00e9 \u00e9radiqu\u00e9es avec succ\u00e8s. Faites partie de l&rsquo;histoire, et parrainez un (ou plusieurs) hectares de ce magnifique joyau oc\u00e9anique.<\/p>\n<hr>\n<p>Notez que les contribuables et r\u00e9sidents sud-africains peuvent \u00e9galement recevoir des certificats fiscaux 18A lorsqu&rsquo;ils utilisent l&rsquo;option PayGenius. Veuillez envoyer votre demande de certificat par courriel \u00e0 <a href=\"mailto:info@mousefreemarion.org\" target=\"_blank\" rel=\"noopener\"><br \/>\n  <strong>info@mousefreemarion.org<\/strong><br \/>\n<\/a> si applicable.<\/p>\n","protected":false},"featured_media":10946,"template":"","meta":[],"product_brand":[],"product_cat":[83],"product_tag":[],"class_list":{"0":"post-13510","1":"product","2":"type-product","3":"status-publish","4":"has-post-thumbnail","6":"product_cat-sponsors-sud-africains","8":"first","9":"instock","10":"virtual","11":"purchasable","12":"product-type-simple"},"yoast_head":"<!-- This site is optimized with the Yoast SEO plugin v27.2 - https:\/\/yoast.com\/product\/yoast-seo-wordpress\/ -->\n<title>Hectare de l&#039;\u00eele Marion - Mouse-Free Marion<\/title>\n<meta name=\"robots\" content=\"index, follow, max-snippet:-1, max-image-preview:large, max-video-preview:-1\" \/>\n<link rel=\"canonical\" href=\"https:\/\/mousefreemarion.org\/fr\/produit\/marion-island-hectare1000-2\/\" \/>\n<meta property=\"og:locale\" content=\"fr_FR\" \/>\n<meta property=\"og:type\" content=\"article\" \/>\n<meta property=\"og:title\" content=\"Hectare de l&#039;\u00eele Marion - Mouse-Free Marion\" \/>\n<meta property=\"og:description\" content=\"R1000 L&#039;\u00eele Marion sera la plus grande \u00eele dont les souris ont \u00e9t\u00e9 \u00e9radiqu\u00e9es avec succ\u00e8s. Faites partie de l&#039;histoire, et parrainez un (ou plusieurs) hectares de ce magnifique joyau oc\u00e9anique.  Notez que les contribuables et r\u00e9sidents sud-africains peuvent \u00e9galement recevoir des certificats fiscaux 18A lorsqu&#039;ils utilisent l&#039;option PayGenius. Veuillez envoyer votre demande de certificat par courriel \u00e0  info@mousefreemarion.org si applicable.\" \/>\n<meta property=\"og:url\" content=\"https:\/\/mousefreemarion.org\/fr\/produit\/marion-island-hectare1000-2\/\" \/>\n<meta property=\"og:site_name\" content=\"Mouse-Free Marion\" \/>\n<meta name=\"twitter:card\" content=\"summary_large_image\" \/>\n<script type=\"application\/ld+json\" class=\"yoast-schema-graph\">{\"@context\":\"https:\/\/schema.org\",\"@graph\":[{\"@type\":\"WebPage\",\"@id\":\"https:\/\/mousefreemarion.org\/fr\/produit\/marion-island-hectare1000-2\/\",\"url\":\"https:\/\/mousefreemarion.org\/fr\/produit\/marion-island-hectare1000-2\/\",\"name\":\"Hectare de l'\u00eele Marion - Mouse-Free Marion\",\"isPartOf\":{\"@id\":\"https:\/\/mousefreemarion.org\/fr\/#website\"},\"primaryImageOfPage\":{\"@id\":\"https:\/\/mousefreemarion.org\/fr\/produit\/marion-island-hectare1000-2\/#primaryimage\"},\"image\":{\"@id\":\"https:\/\/mousefreemarion.org\/fr\/produit\/marion-island-hectare1000-2\/#primaryimage\"},\"thumbnailUrl\":\"https:\/\/mousefreemarion.org\/wp-content\/uploads\/2021\/10\/MarionIsland_map_24.png\",\"datePublished\":\"2021-08-11T09:53:04+00:00\",\"breadcrumb\":{\"@id\":\"https:\/\/mousefreemarion.org\/fr\/produit\/marion-island-hectare1000-2\/#breadcrumb\"},\"inLanguage\":\"fr-FR\",\"potentialAction\":[{\"@type\":\"ReadAction\",\"target\":[\"https:\/\/mousefreemarion.org\/fr\/produit\/marion-island-hectare1000-2\/\"]}]},{\"@type\":\"ImageObject\",\"inLanguage\":\"fr-FR\",\"@id\":\"https:\/\/mousefreemarion.org\/fr\/produit\/marion-island-hectare1000-2\/#primaryimage\",\"url\":\"https:\/\/mousefreemarion.org\/wp-content\/uploads\/2021\/10\/MarionIsland_map_24.png\",\"contentUrl\":\"https:\/\/mousefreemarion.org\/wp-content\/uploads\/2021\/10\/MarionIsland_map_24.png\",\"width\":800,\"height\":560},{\"@type\":\"BreadcrumbList\",\"@id\":\"https:\/\/mousefreemarion.org\/fr\/produit\/marion-island-hectare1000-2\/#breadcrumb\",\"itemListElement\":[{\"@type\":\"ListItem\",\"position\":1,\"name\":\"Home\",\"item\":\"https:\/\/mousefreemarion.org\/fr\/campagne-de-conservation\/\"},{\"@type\":\"ListItem\",\"position\":2,\"name\":\"Sponsor\",\"item\":\"https:\/\/mousefreemarion.org\/fr\/sponsor\/\"},{\"@type\":\"ListItem\",\"position\":3,\"name\":\"Hectare de l&rsquo;\u00eele Marion\"}]},{\"@type\":\"WebSite\",\"@id\":\"https:\/\/mousefreemarion.org\/fr\/#website\",\"url\":\"https:\/\/mousefreemarion.org\/fr\/\",\"name\":\"Mouse-Free Marion\",\"description\":\"Mouse-Free Marion\",\"potentialAction\":[{\"@type\":\"SearchAction\",\"target\":{\"@type\":\"EntryPoint\",\"urlTemplate\":\"https:\/\/mousefreemarion.org\/fr\/?s={search_term_string}\"},\"query-input\":{\"@type\":\"PropertyValueSpecification\",\"valueRequired\":true,\"valueName\":\"search_term_string\"}}],\"inLanguage\":\"fr-FR\"}]}<\/script>\n<!-- \/ Yoast SEO plugin. -->","yoast_head_json":{"title":"Hectare de l'\u00eele Marion - Mouse-Free Marion","robots":{"index":"index","follow":"follow","max-snippet":"max-snippet:-1","max-image-preview":"max-image-preview:large","max-video-preview":"max-video-preview:-1"},"canonical":"https:\/\/mousefreemarion.org\/fr\/produit\/marion-island-hectare1000-2\/","og_locale":"fr_FR","og_type":"article","og_title":"Hectare de l'\u00eele Marion - Mouse-Free Marion","og_description":"R1000 L'\u00eele Marion sera la plus grande \u00eele dont les souris ont \u00e9t\u00e9 \u00e9radiqu\u00e9es avec succ\u00e8s. Faites partie de l'histoire, et parrainez un (ou plusieurs) hectares de ce magnifique joyau oc\u00e9anique.  Notez que les contribuables et r\u00e9sidents sud-africains peuvent \u00e9galement recevoir des certificats fiscaux 18A lorsqu'ils utilisent l'option PayGenius. Veuillez envoyer votre demande de certificat par courriel \u00e0  info@mousefreemarion.org si applicable.","og_url":"https:\/\/mousefreemarion.org\/fr\/produit\/marion-island-hectare1000-2\/","og_site_name":"Mouse-Free Marion","twitter_card":"summary_large_image","schema":{"@context":"https:\/\/schema.org","@graph":[{"@type":"WebPage","@id":"https:\/\/mousefreemarion.org\/fr\/produit\/marion-island-hectare1000-2\/","url":"https:\/\/mousefreemarion.org\/fr\/produit\/marion-island-hectare1000-2\/","name":"Hectare de l'\u00eele Marion - Mouse-Free Marion","isPartOf":{"@id":"https:\/\/mousefreemarion.org\/fr\/#website"},"primaryImageOfPage":{"@id":"https:\/\/mousefreemarion.org\/fr\/produit\/marion-island-hectare1000-2\/#primaryimage"},"image":{"@id":"https:\/\/mousefreemarion.org\/fr\/produit\/marion-island-hectare1000-2\/#primaryimage"},"thumbnailUrl":"https:\/\/mousefreemarion.org\/wp-content\/uploads\/2021\/10\/MarionIsland_map_24.png","datePublished":"2021-08-11T09:53:04+00:00","breadcrumb":{"@id":"https:\/\/mousefreemarion.org\/fr\/produit\/marion-island-hectare1000-2\/#breadcrumb"},"inLanguage":"fr-FR","potentialAction":[{"@type":"ReadAction","target":["https:\/\/mousefreemarion.org\/fr\/produit\/marion-island-hectare1000-2\/"]}]},{"@type":"ImageObject","inLanguage":"fr-FR","@id":"https:\/\/mousefreemarion.org\/fr\/produit\/marion-island-hectare1000-2\/#primaryimage","url":"https:\/\/mousefreemarion.org\/wp-content\/uploads\/2021\/10\/MarionIsland_map_24.png","contentUrl":"https:\/\/mousefreemarion.org\/wp-content\/uploads\/2021\/10\/MarionIsland_map_24.png","width":800,"height":560},{"@type":"BreadcrumbList","@id":"https:\/\/mousefreemarion.org\/fr\/produit\/marion-island-hectare1000-2\/#breadcrumb","itemListElement":[{"@type":"ListItem","position":1,"name":"Home","item":"https:\/\/mousefreemarion.org\/fr\/campagne-de-conservation\/"},{"@type":"ListItem","position":2,"name":"Sponsor","item":"https:\/\/mousefreemarion.org\/fr\/sponsor\/"},{"@type":"ListItem","position":3,"name":"Hectare de l&rsquo;\u00eele Marion"}]},{"@type":"WebSite","@id":"https:\/\/mousefreemarion.org\/fr\/#website","url":"https:\/\/mousefreemarion.org\/fr\/","name":"Mouse-Free Marion","description":"Mouse-Free Marion","potentialAction":[{"@type":"SearchAction","target":{"@type":"EntryPoint","urlTemplate":"https:\/\/mousefreemarion.org\/fr\/?s={search_term_string}"},"query-input":{"@type":"PropertyValueSpecification","valueRequired":true,"valueName":"search_term_string"}}],"inLanguage":"fr-FR"}]}},"_links":{"self":[{"href":"https:\/\/mousefreemarion.org\/fr\/wp-json\/wp\/v2\/product\/13510","targetHints":{"allow":["GET"]}}],"collection":[{"href":"https:\/\/mousefreemarion.org\/fr\/wp-json\/wp\/v2\/product"}],"about":[{"href":"https:\/\/mousefreemarion.org\/fr\/wp-json\/wp\/v2\/types\/product"}],"wp:featuredmedia":[{"embeddable":true,"href":"https:\/\/mousefreemarion.org\/fr\/wp-json\/wp\/v2\/media\/10946"}],"wp:attachment":[{"href":"https:\/\/mousefreemarion.org\/fr\/wp-json\/wp\/v2\/media?parent=13510"}],"wp:term":[{"taxonomy":"product_brand","embeddable":true,"href":"https:\/\/mousefreemarion.org\/fr\/wp-json\/wp\/v2\/product_brand?post=13510"},{"taxonomy":"product_cat","embeddable":true,"href":"https:\/\/mousefreemarion.org\/fr\/wp-json\/wp\/v2\/product_cat?post=13510"},{"taxonomy":"product_tag","embeddable":true,"href":"https:\/\/mousefreemarion.org\/fr\/wp-json\/wp\/v2\/product_tag?post=13510"}],"curies":[{"name":"wp","href":"https:\/\/api.w.org\/{rel}","templated":true}]}}